{"id":1428,"date":"2026-02-03T11:34:35","date_gmt":"2026-02-03T10:34:35","guid":{"rendered":"https:\/\/rochelongue.francecom.com\/aktivitaeten-und-animationen\/"},"modified":"2026-04-09T16:57:26","modified_gmt":"2026-04-09T14:57:26","slug":"aktivitaeten-und-animationen","status":"publish","type":"page","link":"https:\/\/rochelongue.francecom.com\/de\/aktivitaeten-und-animationen\/","title":{"rendered":"Aktivit\u00e4ten und Animationen"},"content":{"rendered":"<div class=\"diaporama-header align-full\"><div class=\"gallery\"><figure class=\"gallery__item\"><picture><source srcset=\"https:\/\/rochelongue.francecom.com\/wp-content\/uploads\/2026\/02\/header-animation-420x236.webp\" media=\"(max-width: 210px)\"><source srcset=\"https:\/\/rochelongue.francecom.com\/wp-content\/uploads\/2026\/02\/header-animation-850x478.webp\" media=\"(max-width: 420px)\"><source srcset=\"https:\/\/rochelongue.francecom.com\/wp-content\/uploads\/2026\/02\/header-animation-768x432.webp\" media=\"(max-width: 850px)\"><source srcset=\"https:\/\/rochelongue.francecom.com\/wp-content\/uploads\/2026\/02\/header-animation-1024x576.webp\" media=\"(max-width: 1024px)\"><source srcset=\"https:\/\/rochelongue.francecom.com\/wp-content\/uploads\/2026\/02\/header-animation.webp\" media=\"(min-width: 1025px)\"><img loading=\"lazy\" decoding=\"async\" src=\"https:\/\/rochelongue.francecom.com\/wp-content\/uploads\/2026\/02\/header-animation-420x236.webp\" width=\"420\" height=\"210\"><\/picture><\/figure><\/div><div class=\"diaporama-header__inner\"><p class=\"h1 stars center\" style=\"text-align: center;\"  >Aktivit\u00e4ten<span class=\"fc-span\"> im R<\/span>hythmus Ihres Urlaubs<span class=\"fc-span\"> auf dem Campingplatz Le Rochelongue<\/span><span class=\"fc-span\"> <span class=\"fc-icon\"><svg xmlns=\"http:\/\/www.w3.org\/2000\/svg\"  viewBox=\"0 0 576 512\" width=\"16px\" height=\"16px\"><!--! Font Awesome Pro 6.4.2 by @fontawesome - https:\/\/fontawesome.com License - https:\/\/fontawesome.com\/license (Commercial License) Copyright 2023 Fonticons, Inc.--><path d=\"M316.9 18C311.6 7 300.4 0 288.1 0s-23.4 7-28.8 18L195 150.3 51.4 171.5c-12 1.8-22 10.2-25.7 21.7s-.7 24.2 7.9 32.7L137.8 329 113.2 474.7c-2 12 3 24.2 12.9 31.3s23 8 33.8 2.3l128.3-68.5 128.3 68.5c10.8 5.7 23.9 4.9 33.8-2.3s14.9-19.3 12.9-31.3L438.5 329 542.7 225.9c8.6-8.5 11.7-21.2 7.9-32.7s-13.7-19.9-25.7-21.7L381.2 150.3 316.9 18z\"\/><\/svg><\/span> <span class=\"fc-icon\"><svg xmlns=\"http:\/\/www.w3.org\/2000\/svg\"  viewBox=\"0 0 576 512\" width=\"16px\" height=\"16px\"><!--! Font Awesome Pro 6.4.2 by @fontawesome - https:\/\/fontawesome.com License - https:\/\/fontawesome.com\/license (Commercial License) Copyright 2023 Fonticons, Inc.--><path d=\"M316.9 18C311.6 7 300.4 0 288.1 0s-23.4 7-28.8 18L195 150.3 51.4 171.5c-12 1.8-22 10.2-25.7 21.7s-.7 24.2 7.9 32.7L137.8 329 113.2 474.7c-2 12 3 24.2 12.9 31.3s23 8 33.8 2.3l128.3-68.5 128.3 68.5c10.8 5.7 23.9 4.9 33.8-2.3s14.9-19.3 12.9-31.3L438.5 329 542.7 225.9c8.6-8.5 11.7-21.2 7.9-32.7s-13.7-19.9-25.7-21.7L381.2 150.3 316.9 18z\"\/><\/svg><\/span> <span class=\"fc-icon\"><svg xmlns=\"http:\/\/www.w3.org\/2000\/svg\"  viewBox=\"0 0 576 512\" width=\"16px\" height=\"16px\"><!--! Font Awesome Pro 6.4.2 by @fontawesome - https:\/\/fontawesome.com License - https:\/\/fontawesome.com\/license (Commercial License) Copyright 2023 Fonticons, Inc.--><path d=\"M316.9 18C311.6 7 300.4 0 288.1 0s-23.4 7-28.8 18L195 150.3 51.4 171.5c-12 1.8-22 10.2-25.7 21.7s-.7 24.2 7.9 32.7L137.8 329 113.2 474.7c-2 12 3 24.2 12.9 31.3s23 8 33.8 2.3l128.3-68.5 128.3 68.5c10.8 5.7 23.9 4.9 33.8-2.3s14.9-19.3 12.9-31.3L438.5 329 542.7 225.9c8.6-8.5 11.7-21.2 7.9-32.7s-13.7-19.9-25.7-21.7L381.2 150.3 316.9 18z\"\/><\/svg><\/span> <span class=\"fc-icon\"><svg xmlns=\"http:\/\/www.w3.org\/2000\/svg\"  viewBox=\"0 0 576 512\" width=\"16px\" height=\"16px\"><!--! Font Awesome Pro 6.4.2 by @fontawesome - https:\/\/fontawesome.com License - https:\/\/fontawesome.com\/license (Commercial License) Copyright 2023 Fonticons, Inc.--><path d=\"M316.9 18C311.6 7 300.4 0 288.1 0s-23.4 7-28.8 18L195 150.3 51.4 171.5c-12 1.8-22 10.2-25.7 21.7s-.7 24.2 7.9 32.7L137.8 329 113.2 474.7c-2 12 3 24.2 12.9 31.3s23 8 33.8 2.3l128.3-68.5 128.3 68.5c10.8 5.7 23.9 4.9 33.8-2.3s14.9-19.3 12.9-31.3L438.5 329 542.7 225.9c8.6-8.5 11.7-21.2 7.9-32.7s-13.7-19.9-25.7-21.7L381.2 150.3 316.9 18z\"\/><\/svg><\/span><\/span> <\/p><div class=\"buttons display-flex \" style=\"justify-content:center;\"><span class=\"buttons__btn btn-resa is-style-resa\">Finden Sie Ihren Aufenthalt<\/span><\/div><\/div><\/div><h1 class=\"center\" style=\"text-align: center;color: var(--bleu-fonce);\">Aktivit\u00e4ten und Animationen f\u00fcr alle <span class=\"fc-span\">und den ganzen Tag!<\/span><\/h1><p class=\"mini center\" style=\"text-align: center;\" id=\"391\" >Auf dem <a href=\"https:\/\/rochelongue.francecom.com\/de\/\" data-type=\"page\" data-id=\"391\">Campingplatz Le Rochelongue in Cap d&#8217;Agde<\/a> bieten wir Ihnen w\u00e4hrend der<strong> Schulferien im Juli und August<\/strong> Freizeiteinrichtungen und<strong> Animationen<\/strong> am Tag und am Abend f\u00fcr alle.<\/p><div class=\"lireplus fc-mob\"><p class=\"center\" style=\"text-align: center;\"  >Lesen Sie mehr<\/p><div class=\"group\"><p class=\"mini center\" style=\"text-align: center;\"  >Entdecken Sie jetzt unsere beiden Kinder- und Jugendclubs, die sportlichen Aktivit\u00e4ten vor Ort oder die Abendveranstaltungen im Juli und August.  <strong>Ende der Animationen am 26\/08\/2026<\/strong><\/p><\/div><\/div><div class=\"group sec-10 fond fond-gauche align-full\"><div class=\"columns\"><div class=\"columns__item texte\"><h2>Kinderclub <span class=\"fc-span\">f\u00fcr<\/span> Kinder <span class=\"fc-span\">von 5 bis 7 Jahren<\/span><\/h2><p    >Auf <strong>Camping Le Rochelongue<\/strong> gibt es f\u00fcr die j\u00fcngsten Urlauber einen <strong>Kinderclub f\u00fcr 5-7 J\u00e4hrige<\/strong>, der ihre Neugier und Kreativit\u00e4t weckt.<\/p><div class=\"lireplus fc-mob\"><p    >Lesen Sie mehr<\/p><div class=\"group\"><p    >Dieser Club ist im Juli und August von Montag bis Freitag ge\u00f6ffnet und wird von einem dynamischen Team betreut, das t\u00e4glich <strong>Schmink- und Malworkshops, Schatzsuchen<\/strong> und viele andere altersgerechte Spiele anbietet. Ihre Kinder k\u00f6nnen sicher spielen, w\u00e4hrend Sie die Sonne, den Pool oder den Strand genie\u00dfen, der nur 500 Meter vom Campingplatz entfernt ist.<\/p><\/div><\/div><\/div><div class=\"columns__item image\"><div class=\"gallery fade-in-right f-carousel fc-diapo\" data-fancybox=\"gallery\"><figure class=\"gallery__item\"><picture><source srcset=\"https:\/\/rochelongue.francecom.com\/wp-content\/uploads\/2026\/02\/club-enfants-420x359.webp\" media=\"(max-width: 210px)\"><source srcset=\"https:\/\/rochelongue.francecom.com\/wp-content\/uploads\/2026\/02\/club-enfants-850x727.webp\" media=\"(max-width: 420px)\"><source srcset=\"https:\/\/rochelongue.francecom.com\/wp-content\/uploads\/2026\/02\/club-enfants-768x657.webp\" media=\"(max-width: 850px)\"><source srcset=\"https:\/\/rochelongue.francecom.com\/wp-content\/uploads\/2026\/02\/club-enfants.webp\" media=\"(max-width: 1024px)\"><source srcset=\"https:\/\/rochelongue.francecom.com\/wp-content\/uploads\/2026\/02\/club-enfants.webp\" media=\"(min-width: 1025px)\"><img decoding=\"async\" src=\"https:\/\/rochelongue.francecom.com\/wp-content\/uploads\/2026\/02\/club-enfants-420x359.webp\" width=\"420\" height=\"210\" loading=\"lazy\"><\/picture><\/figure><figure class=\"gallery__item\"><picture><source srcset=\"https:\/\/rochelongue.francecom.com\/wp-content\/uploads\/2026\/02\/clubenfants-420x315.webp\" media=\"(max-width: 210px)\"><source srcset=\"https:\/\/rochelongue.francecom.com\/wp-content\/uploads\/2026\/02\/clubenfants-850x638.webp\" media=\"(max-width: 420px)\"><source srcset=\"https:\/\/rochelongue.francecom.com\/wp-content\/uploads\/2026\/02\/clubenfants-768x576.webp\" media=\"(max-width: 850px)\"><source srcset=\"https:\/\/rochelongue.francecom.com\/wp-content\/uploads\/2026\/02\/clubenfants.webp\" media=\"(max-width: 1024px)\"><source srcset=\"https:\/\/rochelongue.francecom.com\/wp-content\/uploads\/2026\/02\/clubenfants.webp\" media=\"(min-width: 1025px)\"><img decoding=\"async\" src=\"https:\/\/rochelongue.francecom.com\/wp-content\/uploads\/2026\/02\/clubenfants-420x315.webp\" width=\"420\" height=\"210\" loading=\"lazy\"><\/picture><\/figure><figure class=\"gallery__item\"><picture><source srcset=\"https:\/\/rochelongue.francecom.com\/wp-content\/uploads\/2026\/02\/club-enfant-1-420x236.webp\" media=\"(max-width: 210px)\"><source srcset=\"https:\/\/rochelongue.francecom.com\/wp-content\/uploads\/2026\/02\/club-enfant-1-850x478.webp\" media=\"(max-width: 420px)\"><source srcset=\"https:\/\/rochelongue.francecom.com\/wp-content\/uploads\/2026\/02\/club-enfant-1-768x432.webp\" media=\"(max-width: 850px)\"><source srcset=\"https:\/\/rochelongue.francecom.com\/wp-content\/uploads\/2026\/02\/club-enfant-1.webp\" media=\"(max-width: 1024px)\"><source srcset=\"https:\/\/rochelongue.francecom.com\/wp-content\/uploads\/2026\/02\/club-enfant-1.webp\" media=\"(min-width: 1025px)\"><img decoding=\"async\" src=\"https:\/\/rochelongue.francecom.com\/wp-content\/uploads\/2026\/02\/club-enfant-1-420x236.webp\" width=\"420\" height=\"210\" loading=\"lazy\"><\/picture><\/figure><\/div><p class=\"badge gauche\"   >Kinderclub &#8211; Kinderclub &#8211;<\/p><\/div><\/div><\/div>\n<div style=\"height:2rem\" aria-hidden=\"true\" class=\"wp-block-spacer\"><\/div>\n<div class=\"group sec-10 fond fond-droite align-full\"><div class=\"columns reverse-mob\"><div class=\"columns__item image\"><div class=\"gallery fade-in-left f-carousel fc-diapo\" data-fancybox=\"gallery\"><figure class=\"gallery__item\"><picture><source srcset=\"https:\/\/rochelongue.francecom.com\/wp-content\/uploads\/2026\/02\/clubados-420x259.webp\" media=\"(max-width: 210px)\"><source srcset=\"https:\/\/rochelongue.francecom.com\/wp-content\/uploads\/2026\/02\/clubados-850x525.webp\" media=\"(max-width: 420px)\"><source srcset=\"https:\/\/rochelongue.francecom.com\/wp-content\/uploads\/2026\/02\/clubados-768x474.webp\" media=\"(max-width: 850px)\"><source srcset=\"https:\/\/rochelongue.francecom.com\/wp-content\/uploads\/2026\/02\/clubados.webp\" media=\"(max-width: 1024px)\"><source srcset=\"https:\/\/rochelongue.francecom.com\/wp-content\/uploads\/2026\/02\/clubados.webp\" media=\"(min-width: 1025px)\"><img decoding=\"async\" src=\"https:\/\/rochelongue.francecom.com\/wp-content\/uploads\/2026\/02\/clubados-420x259.webp\" width=\"420\" height=\"210\" loading=\"lazy\"><\/picture><\/figure><figure class=\"gallery__item\"><picture><source srcset=\"https:\/\/rochelongue.francecom.com\/wp-content\/uploads\/2026\/02\/club-ados-420x272.webp\" media=\"(max-width: 210px)\"><source srcset=\"https:\/\/rochelongue.francecom.com\/wp-content\/uploads\/2026\/02\/club-ados-850x551.webp\" media=\"(max-width: 420px)\"><source srcset=\"https:\/\/rochelongue.francecom.com\/wp-content\/uploads\/2026\/02\/club-ados-768x498.webp\" media=\"(max-width: 850px)\"><source srcset=\"https:\/\/rochelongue.francecom.com\/wp-content\/uploads\/2026\/02\/club-ados.webp\" media=\"(max-width: 1024px)\"><source srcset=\"https:\/\/rochelongue.francecom.com\/wp-content\/uploads\/2026\/02\/club-ados.webp\" media=\"(min-width: 1025px)\"><img decoding=\"async\" src=\"https:\/\/rochelongue.francecom.com\/wp-content\/uploads\/2026\/02\/club-ados-420x272.webp\" width=\"420\" height=\"210\" loading=\"lazy\"><\/picture><\/figure><figure class=\"gallery__item\"><picture><source srcset=\"https:\/\/rochelongue.francecom.com\/wp-content\/uploads\/2026\/02\/img_1615-420x236.jpg.webp\" media=\"(max-width: 210px)\"><source srcset=\"https:\/\/rochelongue.francecom.com\/wp-content\/uploads\/2026\/02\/img_1615-850x478.jpg.webp\" media=\"(max-width: 420px)\"><source srcset=\"https:\/\/rochelongue.francecom.com\/wp-content\/uploads\/2026\/02\/img_1615-768x432.jpg.webp\" media=\"(max-width: 850px)\"><source srcset=\"https:\/\/rochelongue.francecom.com\/wp-content\/uploads\/2026\/02\/img_1615.jpg.webp\" media=\"(max-width: 1024px)\"><source srcset=\"https:\/\/rochelongue.francecom.com\/wp-content\/uploads\/2026\/02\/img_1615.jpg.webp\" media=\"(min-width: 1025px)\"><img decoding=\"async\" src=\"https:\/\/rochelongue.francecom.com\/wp-content\/uploads\/2026\/02\/img_1615-420x236.jpg.webp\" width=\"420\" height=\"210\" loading=\"lazy\"><\/picture><\/figure><\/div><\/div><div class=\"columns__item texte\"><h2>Der Teenager-Club f\u00fcr <span class=\"fc-span\">8- bis 12-J\u00e4hrige<\/span><\/h2><p    >Auch Teenager kommen auf dem <strong>Campingplatz in Cap d&#8217;Agde<\/strong> nicht zu kurz! Der <strong>Teenager-Club<\/strong> empf\u00e4ngt die 8-12-J\u00e4hrigen in einer freundlichen und sportlichen Atmosph\u00e4re.<\/p><div class=\"lireplus fc-mob\"><p    >Lesen Sie mehr<\/p><div class=\"group\"><p    >Sie k\u00f6nnen an <strong>Turnieren des Campingplatzes<\/strong> teilnehmen, <strong>Tischtennis oder Tischfu\u00dfball<\/strong> spielen oder die Attraktionen wie den<strong>Aquapark<\/strong> nutzen. Vielf\u00e4ltige Aktivit\u00e4ten, um sich zu bewegen, Freunde zu finden und den Sommerurlaub in vollen Z\u00fcgen zu genie\u00dfen.<\/p><\/div><\/div><\/div><\/div><\/div><h2 class=\"center\" style=\"text-align: center;\">Sport- und Fitnessaktivit\u00e4ten <span class=\"fc-span\">in Cap d&#8217;Agde<\/span><\/h2><p class=\"center\" style=\"text-align: center;\"  >F\u00fcr diejenigen, die w\u00e4hrend ihres Aufenthalts aktiv bleiben m\u00f6chten, bietet der <strong>Campingplatz Le Rochelongue<\/strong> eine Reihe von<strong>kostenlosen Sportaktivit\u00e4ten<\/strong>, die f\u00fcr alle zug\u00e4nglich sind. Ab dem Morgen k\u00f6nnen Sie an <strong>Gruppenkursen f\u00fcr Muskelaufbau, Fitness oder Aquabike<\/strong> teilnehmen, die in einer freundlichen Atmosph\u00e4re abgehalten werden.<\/p><div class=\"lireplus fc-mob\"><p class=\"center\" style=\"text-align: center;\"  >Lesen Sie mehr<\/p><div class=\"group\"><p class=\"center\" style=\"text-align: center;\"  >Es gibt auch einen <strong>Fitnessbereich im Freien<\/strong>, wo Sie frei trainieren k\u00f6nnen. Ob Sie nun Sportliebhaber sind oder einfach nur Ihr Wohlbefinden steigern wollen, diese Aktivit\u00e4ten sind eine hervorragende M\u00f6glichkeit, Ihren Urlaub zu genie\u00dfen und gleichzeitig etwas f\u00fcr Ihre Fitness zu tun.<\/p><\/div><\/div><div class=\"group sec-20 effet-galerie align-full\"><div class=\"gallery f-carousel fc-diapo-mob\" data-fancybox=\"gallery-mob\"><figure class=\"gallery__item\"><picture><source srcset=\"https:\/\/rochelongue.francecom.com\/wp-content\/uploads\/2026\/02\/aquabike-420x233.webp\" media=\"(max-width: 210px)\"><source srcset=\"https:\/\/rochelongue.francecom.com\/wp-content\/uploads\/2026\/02\/aquabike-850x471.webp\" media=\"(max-width: 420px)\"><source srcset=\"https:\/\/rochelongue.francecom.com\/wp-content\/uploads\/2026\/02\/aquabike-768x425.webp\" media=\"(max-width: 850px)\"><source srcset=\"https:\/\/rochelongue.francecom.com\/wp-content\/uploads\/2026\/02\/aquabike.webp\" media=\"(max-width: 1024px)\"><source srcset=\"https:\/\/rochelongue.francecom.com\/wp-content\/uploads\/2026\/02\/aquabike.webp\" media=\"(min-width: 1025px)\"><img decoding=\"async\" src=\"https:\/\/rochelongue.francecom.com\/wp-content\/uploads\/2026\/02\/aquabike-420x233.webp\" width=\"420\" height=\"210\" loading=\"lazy\"><\/picture><figcaption>Aquabike<\/figcaption><\/figure><figure class=\"gallery__item\"><picture><source srcset=\"https:\/\/rochelongue.francecom.com\/wp-content\/uploads\/2026\/02\/club-ados-420x272.webp\" media=\"(max-width: 210px)\"><source srcset=\"https:\/\/rochelongue.francecom.com\/wp-content\/uploads\/2026\/02\/club-ados-850x551.webp\" media=\"(max-width: 420px)\"><source srcset=\"https:\/\/rochelongue.francecom.com\/wp-content\/uploads\/2026\/02\/club-ados-768x498.webp\" media=\"(max-width: 850px)\"><source srcset=\"https:\/\/rochelongue.francecom.com\/wp-content\/uploads\/2026\/02\/club-ados.webp\" media=\"(max-width: 1024px)\"><source srcset=\"https:\/\/rochelongue.francecom.com\/wp-content\/uploads\/2026\/02\/club-ados.webp\" media=\"(min-width: 1025px)\"><img decoding=\"async\" src=\"https:\/\/rochelongue.francecom.com\/wp-content\/uploads\/2026\/02\/club-ados-420x272.webp\" width=\"420\" height=\"210\" loading=\"lazy\"><\/picture><figcaption>Sport<\/figcaption><\/figure><figure class=\"gallery__item\"><picture><source srcset=\"https:\/\/rochelongue.francecom.com\/wp-content\/uploads\/2026\/02\/club-ado-420x299.webp\" media=\"(max-width: 210px)\"><source srcset=\"https:\/\/rochelongue.francecom.com\/wp-content\/uploads\/2026\/02\/club-ado-850x606.webp\" media=\"(max-width: 420px)\"><source srcset=\"https:\/\/rochelongue.francecom.com\/wp-content\/uploads\/2026\/02\/club-ado-768x548.webp\" media=\"(max-width: 850px)\"><source srcset=\"https:\/\/rochelongue.francecom.com\/wp-content\/uploads\/2026\/02\/club-ado.webp\" media=\"(max-width: 1024px)\"><source srcset=\"https:\/\/rochelongue.francecom.com\/wp-content\/uploads\/2026\/02\/club-ado.webp\" media=\"(min-width: 1025px)\"><img decoding=\"async\" src=\"https:\/\/rochelongue.francecom.com\/wp-content\/uploads\/2026\/02\/club-ado-420x299.webp\" width=\"420\" height=\"210\" loading=\"lazy\"><\/picture><figcaption>Muskelaufbau<\/figcaption><\/figure><\/div><\/div><div class=\"columns sec-25\"><div class=\"columns__item\"><h2>Ein Campingplatz in Agde mit <span class=\"fc-span\">Abendunterhaltung<\/span><\/h2><p    >Wenn die Sonne untergeht, geht die Animation weiter! W\u00e4hrend der <strong>Hochsaison<\/strong> genie\u00dfen Sie jeden Abend eine festliche Atmosph\u00e4re auf dem <strong>Campingplatz in Cap d&#8217;Agde<\/strong>.<\/p><div class=\"lireplus fc-mob\"><p    >Lesen Sie mehr<\/p><div class=\"group\"><p    >Das Programm umfasst <strong>Live-Shows, Konzerte, Karaoke-Abende<\/strong>, <strong>Schaumpartys<\/strong> und viele andere gesellige Momente f\u00fcr die ganze Familie oder mit Freunden. Die Abendunterhaltung findet den ganzen Sommer \u00fcber in der Bar des Campingplatzes statt und bietet einzigartige Gelegenheiten, um gemeinsam zu lachen, zu tanzen und Erinnerungen zu schaffen.<\/p><\/div><\/div><\/div><div class=\"columns__item\"><div class=\"gallery height-adapt col-2 f-carousel fc-diapo\" data-fancybox=\"gallery\"><figure class=\"gallery__item\"><picture><source srcset=\"https:\/\/rochelongue.francecom.com\/wp-content\/uploads\/2026\/02\/soiree-musicale-420x236.webp\" media=\"(max-width: 210px)\"><source srcset=\"https:\/\/rochelongue.francecom.com\/wp-content\/uploads\/2026\/02\/soiree-musicale-850x478.webp\" media=\"(max-width: 420px)\"><source srcset=\"https:\/\/rochelongue.francecom.com\/wp-content\/uploads\/2026\/02\/soiree-musicale-768x432.webp\" media=\"(max-width: 850px)\"><source srcset=\"https:\/\/rochelongue.francecom.com\/wp-content\/uploads\/2026\/02\/soiree-musicale.webp\" media=\"(max-width: 1024px)\"><source srcset=\"https:\/\/rochelongue.francecom.com\/wp-content\/uploads\/2026\/02\/soiree-musicale.webp\" media=\"(min-width: 1025px)\"><img decoding=\"async\" src=\"https:\/\/rochelongue.francecom.com\/wp-content\/uploads\/2026\/02\/soiree-musicale-420x236.webp\" width=\"420\" height=\"210\" loading=\"lazy\"><\/picture><\/figure><figure class=\"gallery__item\"><picture><source srcset=\"https:\/\/rochelongue.francecom.com\/wp-content\/uploads\/2026\/02\/thumb_dsc_3768_1024-420x280.jpg.webp\" media=\"(max-width: 210px)\"><source srcset=\"https:\/\/rochelongue.francecom.com\/wp-content\/uploads\/2026\/02\/thumb_dsc_3768_1024-850x567.jpg.webp\" media=\"(max-width: 420px)\"><source srcset=\"https:\/\/rochelongue.francecom.com\/wp-content\/uploads\/2026\/02\/thumb_dsc_3768_1024-768x512.jpg.webp\" media=\"(max-width: 850px)\"><source srcset=\"https:\/\/rochelongue.francecom.com\/wp-content\/uploads\/2026\/02\/thumb_dsc_3768_1024.jpg.webp\" media=\"(max-width: 1024px)\"><source srcset=\"https:\/\/rochelongue.francecom.com\/wp-content\/uploads\/2026\/02\/thumb_dsc_3768_1024.jpg.webp\" media=\"(min-width: 1025px)\"><img decoding=\"async\" src=\"https:\/\/rochelongue.francecom.com\/wp-content\/uploads\/2026\/02\/thumb_dsc_3768_1024-420x280.jpg.webp\" width=\"420\" height=\"210\" loading=\"lazy\"><\/picture><\/figure><figure class=\"gallery__item\"><picture><source srcset=\"https:\/\/rochelongue.francecom.com\/wp-content\/uploads\/2026\/02\/soiree-mousse-420x315.webp\" media=\"(max-width: 210px)\"><source srcset=\"https:\/\/rochelongue.francecom.com\/wp-content\/uploads\/2026\/02\/soiree-mousse-850x638.webp\" media=\"(max-width: 420px)\"><source srcset=\"https:\/\/rochelongue.francecom.com\/wp-content\/uploads\/2026\/02\/soiree-mousse-768x576.webp\" media=\"(max-width: 850px)\"><source srcset=\"https:\/\/rochelongue.francecom.com\/wp-content\/uploads\/2026\/02\/soiree-mousse.webp\" media=\"(max-width: 1024px)\"><source srcset=\"https:\/\/rochelongue.francecom.com\/wp-content\/uploads\/2026\/02\/soiree-mousse.webp\" media=\"(min-width: 1025px)\"><img decoding=\"async\" src=\"https:\/\/rochelongue.francecom.com\/wp-content\/uploads\/2026\/02\/soiree-mousse-420x315.webp\" width=\"420\" height=\"210\" loading=\"lazy\"><\/picture><\/figure><figure class=\"gallery__item\"><picture><source srcset=\"https:\/\/rochelongue.francecom.com\/wp-content\/uploads\/2026\/02\/img_1619-420x236.jpg.webp\" media=\"(max-width: 210px)\"><source srcset=\"https:\/\/rochelongue.francecom.com\/wp-content\/uploads\/2026\/02\/img_1619-850x478.jpg.webp\" media=\"(max-width: 420px)\"><source srcset=\"https:\/\/rochelongue.francecom.com\/wp-content\/uploads\/2026\/02\/img_1619-768x432.jpg.webp\" media=\"(max-width: 850px)\"><source srcset=\"https:\/\/rochelongue.francecom.com\/wp-content\/uploads\/2026\/02\/img_1619.jpg.webp\" media=\"(max-width: 1024px)\"><source srcset=\"https:\/\/rochelongue.francecom.com\/wp-content\/uploads\/2026\/02\/img_1619.jpg.webp\" media=\"(min-width: 1025px)\"><img decoding=\"async\" src=\"https:\/\/rochelongue.francecom.com\/wp-content\/uploads\/2026\/02\/img_1619-420x236.jpg.webp\" width=\"420\" height=\"210\" loading=\"lazy\"><\/picture><\/figure><\/div><\/div><\/div>","protected":false},"excerpt":{"rendered":"<p>Aktivit\u00e4ten im Rhythmus Ihres Urlaubs auf dem Campingplatz Le Rochelongue Aktivit\u00e4ten und Animationen f\u00fcr alle und den ganzen Tag! Auf dem Campingplatz Le Rochelongue in Cap d&#8217;Agde bieten wir Ihnen w\u00e4hrend der Schulferien im Juli und August Freizeiteinrichtungen und Animationen am Tag und am Abend f\u00fcr alle. Kinderclub f\u00fcr Kinder von 5 bis 7 Jahren [&hellip;]<\/p>\n","protected":false},"author":1,"featured_media":0,"parent":0,"menu_order":0,"comment_status":"open","ping_status":"open","template":"","meta":{"_acf_changed":false,"footnotes":""},"acf":[],"_links":{"self":[{"href":"https:\/\/rochelongue.francecom.com\/de\/wp-json\/wp\/v2\/pages\/1428"}],"collection":[{"href":"https:\/\/rochelongue.francecom.com\/de\/wp-json\/wp\/v2\/pages"}],"about":[{"href":"https:\/\/rochelongue.francecom.com\/de\/wp-json\/wp\/v2\/types\/page"}],"author":[{"embeddable":true,"href":"https:\/\/rochelongue.francecom.com\/de\/wp-json\/wp\/v2\/users\/1"}],"replies":[{"embeddable":true,"href":"https:\/\/rochelongue.francecom.com\/de\/wp-json\/wp\/v2\/comments?post=1428"}],"version-history":[{"count":3,"href":"https:\/\/rochelongue.francecom.com\/de\/wp-json\/wp\/v2\/pages\/1428\/revisions"}],"predecessor-version":[{"id":1459,"href":"https:\/\/rochelongue.francecom.com\/de\/wp-json\/wp\/v2\/pages\/1428\/revisions\/1459"}],"wp:attachment":[{"href":"https:\/\/rochelongue.francecom.com\/de\/wp-json\/wp\/v2\/media?parent=1428"}],"curies":[{"name":"wp","href":"https:\/\/api.w.org\/{rel}","templated":true}]}}