{"id":1432,"date":"2026-02-03T11:34:35","date_gmt":"2026-02-03T10:34:35","guid":{"rendered":"https:\/\/rochelongue.francecom.com\/plaetze\/"},"modified":"2026-04-09T16:57:34","modified_gmt":"2026-04-09T14:57:34","slug":"plaetze","status":"publish","type":"page","link":"https:\/\/rochelongue.francecom.com\/de\/plaetze\/","title":{"rendered":"Pl\u00e4tze"},"content":{"rendered":"<div class=\"diaporama-header align-full\"><div class=\"gallery\"><figure class=\"gallery__item\"><picture><source srcset=\"https:\/\/rochelongue.francecom.com\/wp-content\/uploads\/2026\/04\/header-caravane-420x315.webp\" media=\"(max-width: 210px)\"><source srcset=\"https:\/\/rochelongue.francecom.com\/wp-content\/uploads\/2026\/04\/header-caravane-850x638.webp\" media=\"(max-width: 420px)\"><source srcset=\"https:\/\/rochelongue.francecom.com\/wp-content\/uploads\/2026\/04\/header-caravane-768x576.webp\" media=\"(max-width: 850px)\"><source srcset=\"https:\/\/rochelongue.francecom.com\/wp-content\/uploads\/2026\/04\/header-caravane-1024x768.webp\" media=\"(max-width: 1024px)\"><source srcset=\"https:\/\/rochelongue.francecom.com\/wp-content\/uploads\/2026\/04\/header-caravane.webp\" media=\"(min-width: 1025px)\"><img loading=\"lazy\" decoding=\"async\" src=\"https:\/\/rochelongue.francecom.com\/wp-content\/uploads\/2026\/04\/header-caravane-420x315.webp\" width=\"420\" height=\"210\"><\/picture><\/figure><\/div><div class=\"diaporama-header__inner\"><p class=\"h1 stars center\" style=\"text-align: center;\"  >Ihr Urlaub am Meer auf dem Campingplatz <span class=\"fc-span\">Le Rochelongue<\/span> <span class=\"fc-span\"> <span class=\"fc-icon\"><svg xmlns=\"http:\/\/www.w3.org\/2000\/svg\"  viewBox=\"0 0 576 512\" width=\"16px\" height=\"16px\"><!--! Font Awesome Pro 6.4.2 by @fontawesome - https:\/\/fontawesome.com License - https:\/\/fontawesome.com\/license (Commercial License) Copyright 2023 Fonticons, Inc.--><path d=\"M316.9 18C311.6 7 300.4 0 288.1 0s-23.4 7-28.8 18L195 150.3 51.4 171.5c-12 1.8-22 10.2-25.7 21.7s-.7 24.2 7.9 32.7L137.8 329 113.2 474.7c-2 12 3 24.2 12.9 31.3s23 8 33.8 2.3l128.3-68.5 128.3 68.5c10.8 5.7 23.9 4.9 33.8-2.3s14.9-19.3 12.9-31.3L438.5 329 542.7 225.9c8.6-8.5 11.7-21.2 7.9-32.7s-13.7-19.9-25.7-21.7L381.2 150.3 316.9 18z\"\/><\/svg><\/span> <span class=\"fc-icon\"><svg xmlns=\"http:\/\/www.w3.org\/2000\/svg\"  viewBox=\"0 0 576 512\" width=\"16px\" height=\"16px\"><!--! Font Awesome Pro 6.4.2 by @fontawesome - https:\/\/fontawesome.com License - https:\/\/fontawesome.com\/license (Commercial License) Copyright 2023 Fonticons, Inc.--><path d=\"M316.9 18C311.6 7 300.4 0 288.1 0s-23.4 7-28.8 18L195 150.3 51.4 171.5c-12 1.8-22 10.2-25.7 21.7s-.7 24.2 7.9 32.7L137.8 329 113.2 474.7c-2 12 3 24.2 12.9 31.3s23 8 33.8 2.3l128.3-68.5 128.3 68.5c10.8 5.7 23.9 4.9 33.8-2.3s14.9-19.3 12.9-31.3L438.5 329 542.7 225.9c8.6-8.5 11.7-21.2 7.9-32.7s-13.7-19.9-25.7-21.7L381.2 150.3 316.9 18z\"\/><\/svg><\/span> <span class=\"fc-icon\"><svg xmlns=\"http:\/\/www.w3.org\/2000\/svg\"  viewBox=\"0 0 576 512\" width=\"16px\" height=\"16px\"><!--! Font Awesome Pro 6.4.2 by @fontawesome - https:\/\/fontawesome.com License - https:\/\/fontawesome.com\/license (Commercial License) Copyright 2023 Fonticons, Inc.--><path d=\"M316.9 18C311.6 7 300.4 0 288.1 0s-23.4 7-28.8 18L195 150.3 51.4 171.5c-12 1.8-22 10.2-25.7 21.7s-.7 24.2 7.9 32.7L137.8 329 113.2 474.7c-2 12 3 24.2 12.9 31.3s23 8 33.8 2.3l128.3-68.5 128.3 68.5c10.8 5.7 23.9 4.9 33.8-2.3s14.9-19.3 12.9-31.3L438.5 329 542.7 225.9c8.6-8.5 11.7-21.2 7.9-32.7s-13.7-19.9-25.7-21.7L381.2 150.3 316.9 18z\"\/><\/svg><\/span> <span class=\"fc-icon\"><svg xmlns=\"http:\/\/www.w3.org\/2000\/svg\"  viewBox=\"0 0 576 512\" width=\"16px\" height=\"16px\"><!--! Font Awesome Pro 6.4.2 by @fontawesome - https:\/\/fontawesome.com License - https:\/\/fontawesome.com\/license (Commercial License) Copyright 2023 Fonticons, Inc.--><path d=\"M316.9 18C311.6 7 300.4 0 288.1 0s-23.4 7-28.8 18L195 150.3 51.4 171.5c-12 1.8-22 10.2-25.7 21.7s-.7 24.2 7.9 32.7L137.8 329 113.2 474.7c-2 12 3 24.2 12.9 31.3s23 8 33.8 2.3l128.3-68.5 128.3 68.5c10.8 5.7 23.9 4.9 33.8-2.3s14.9-19.3 12.9-31.3L438.5 329 542.7 225.9c8.6-8.5 11.7-21.2 7.9-32.7s-13.7-19.9-25.7-21.7L381.2 150.3 316.9 18z\"\/><\/svg><\/span><\/span> <\/p><div class=\"buttons display-flex \" style=\"justify-content:center;\"><span class=\"buttons__btn btn-resa-empl is-style-resa\">Finden Sie Ihren Aufenthalt<\/span><\/div><\/div><\/div><h1 class=\"center\" style=\"text-align: center;\">Unsere Camping-Stellpl\u00e4tze <span class=\"fc-span\">in Cap d&#8217;Agde<\/span><\/h1><p class=\"center\" style=\"text-align: center;\"  >Wie w\u00e4re es mit einem <strong>Campingurlaub<\/strong> <strong>in Cap d&#8217;Agde<\/strong> f\u00fcr Ihren n\u00e4chsten <strong>Urlaub am Meer<\/strong>? Der <strong>4-Sterne-Campingplatz Le Rochelongue<\/strong> in Agde liegt <strong>nur<\/strong> <strong>500 m vom Meer entfernt<\/strong> und verf\u00fcgt \u00fcber Stellpl\u00e4tze<strong> mit<\/strong> allem Komfort<strong>: Halbschatten, Sonne oder Sonne mit <a href=\"https:\/\/www.camping-le-rochelongue.fr\/emplacements-sanitaires-prive-cap-agde\/\" target=\"_blank\" rel=\"noopener\">eigenem Sanit\u00e4rbereich<\/a><\/strong>, <strong>nur 500 m vom Mittelmeer entfernt<\/strong>! <\/p><div class=\"lireplus fc-mob\"><p class=\"center\" style=\"text-align: center;\"  >Lesen Sie mehr<\/p><div class=\"group\"><p class=\"center\" style=\"text-align: center;\"  >Unser <a href=\"https:\/\/www.camping-le-rochelongue.fr\/\" target=\"_blank\" rel=\"noopener\">Campingplatz Cap d&#8217;Agde<\/a> mit Pool hat eine ideale Lage in der N\u00e4he des Strandes und bietet zahlreiche Unterhaltungs- und Freizeiteinrichtungen f\u00fcr jeden Geschmack!<\/p><\/div><\/div><div class=\"group sec-20 effet-galerie align-full\"><div class=\"gallery f-carousel fc-diapo-mob\" data-fancybox=\"gallery-mob\"><figure class=\"gallery__item\"><picture><source srcset=\"https:\/\/rochelongue.francecom.com\/wp-content\/uploads\/2026\/04\/tente-e1775031694821-420x246.webp\" media=\"(max-width: 210px)\"><source srcset=\"https:\/\/rochelongue.francecom.com\/wp-content\/uploads\/2026\/04\/tente-e1775031694821-850x498.webp\" media=\"(max-width: 420px)\"><source srcset=\"https:\/\/rochelongue.francecom.com\/wp-content\/uploads\/2026\/04\/tente-e1775031694821-768x450.webp\" media=\"(max-width: 850px)\"><source srcset=\"https:\/\/rochelongue.francecom.com\/wp-content\/uploads\/2026\/04\/tente-e1775031694821-1024x601.webp\" media=\"(max-width: 1024px)\"><source srcset=\"https:\/\/rochelongue.francecom.com\/wp-content\/uploads\/2026\/04\/tente-e1775031694821.webp\" media=\"(min-width: 1025px)\"><img decoding=\"async\" src=\"https:\/\/rochelongue.francecom.com\/wp-content\/uploads\/2026\/04\/tente-e1775031694821-420x246.webp\" width=\"420\" height=\"210\" loading=\"lazy\"><\/picture><figcaption>Zelte<\/figcaption><\/figure><figure class=\"gallery__item\"><picture><source srcset=\"https:\/\/rochelongue.francecom.com\/wp-content\/uploads\/2026\/04\/emplacement-420x315.webp\" media=\"(max-width: 210px)\"><source srcset=\"https:\/\/rochelongue.francecom.com\/wp-content\/uploads\/2026\/04\/emplacement-850x638.webp\" media=\"(max-width: 420px)\"><source srcset=\"https:\/\/rochelongue.francecom.com\/wp-content\/uploads\/2026\/04\/emplacement-768x576.webp\" media=\"(max-width: 850px)\"><source srcset=\"https:\/\/rochelongue.francecom.com\/wp-content\/uploads\/2026\/04\/emplacement-1024x768.webp\" media=\"(max-width: 1024px)\"><source srcset=\"https:\/\/rochelongue.francecom.com\/wp-content\/uploads\/2026\/04\/emplacement.webp\" media=\"(min-width: 1025px)\"><img decoding=\"async\" src=\"https:\/\/rochelongue.francecom.com\/wp-content\/uploads\/2026\/04\/emplacement-420x315.webp\" width=\"420\" height=\"210\" loading=\"lazy\"><\/picture><figcaption><strong>\u2605<\/strong> Premiumstandort<\/figcaption><\/figure><figure class=\"gallery__item\"><picture><source srcset=\"https:\/\/rochelongue.francecom.com\/wp-content\/uploads\/2026\/04\/van-420x315.webp\" media=\"(max-width: 210px)\"><source srcset=\"https:\/\/rochelongue.francecom.com\/wp-content\/uploads\/2026\/04\/van-850x638.webp\" media=\"(max-width: 420px)\"><source srcset=\"https:\/\/rochelongue.francecom.com\/wp-content\/uploads\/2026\/04\/van-768x576.webp\" media=\"(max-width: 850px)\"><source srcset=\"https:\/\/rochelongue.francecom.com\/wp-content\/uploads\/2026\/04\/van-1024x768.webp\" media=\"(max-width: 1024px)\"><source srcset=\"https:\/\/rochelongue.francecom.com\/wp-content\/uploads\/2026\/04\/van.webp\" media=\"(min-width: 1025px)\"><img decoding=\"async\" src=\"https:\/\/rochelongue.francecom.com\/wp-content\/uploads\/2026\/04\/van-420x315.webp\" width=\"420\" height=\"210\" loading=\"lazy\"><\/picture><figcaption>Wohnmobil<\/figcaption><\/figure><\/div><\/div><div class=\"group sec-10 fond fond-gauche align-full\"><div class=\"columns\"><div class=\"columns__item texte\"><h2 style=\"color: var(--bleu-fonce);\">Campingplatz mit privatem Sanit\u00e4r <span class=\"fc-span\">auf einem Stellplatz in Cap d&#8217;Agde<\/span><\/h2><p    >F\u00fcr einen <strong>komfortablen<\/strong> <strong>Aufenthalt <\/strong>buchen Sie einen <strong>Stellplatz <\/strong>mit einer <strong>privaten<\/strong> Sanit\u00e4ranlage. Die Sanit\u00e4ranlagen sind nicht nur gut gestaltet, um das Design und das Platzmanagement zu optimieren, sondern auch <strong>natur- <\/strong>und umweltfreundlich. <\/p><div class=\"lireplus fc-mob\"><p    >Lesen Sie mehr<\/p><div class=\"group\"><p    >Die Wahl eines <strong>Stellplatzes mit eigenem Sanit\u00e4rbereich<\/strong> ist ein echter Komfort f\u00fcr die ganze Familie. Keine Warteschlangen oder morgendlichen Fahrten mehr, jeder kann seine Routine in aller Ruhe genie\u00dfen. Dieser kleine Luxus macht den <strong>Aufenthalt angenehmer<\/strong>, praktischer und erholsamer, besonders f\u00fcr <strong>Familien mit Kindern<\/strong>.  <\/p><\/div><\/div><div class=\"buttons\"><span class=\"buttons__btn btn-resa-empl\">Buchen Sie einen Stellplatz<\/span><\/div><\/div><div class=\"columns__item image\"><div class=\"gallery fade-in-right f-carousel fc-diapo\" data-fancybox=\"gallery\"><figure class=\"gallery__item\"><picture><source srcset=\"https:\/\/rochelongue.francecom.com\/wp-content\/uploads\/2026\/04\/empalcement-420x315.webp\" media=\"(max-width: 210px)\"><source srcset=\"https:\/\/rochelongue.francecom.com\/wp-content\/uploads\/2026\/04\/empalcement-850x638.webp\" media=\"(max-width: 420px)\"><source srcset=\"https:\/\/rochelongue.francecom.com\/wp-content\/uploads\/2026\/04\/empalcement-768x576.webp\" media=\"(max-width: 850px)\"><source srcset=\"https:\/\/rochelongue.francecom.com\/wp-content\/uploads\/2026\/04\/empalcement-1024x768.webp\" media=\"(max-width: 1024px)\"><source srcset=\"https:\/\/rochelongue.francecom.com\/wp-content\/uploads\/2026\/04\/empalcement.webp\" media=\"(min-width: 1025px)\"><img decoding=\"async\" src=\"https:\/\/rochelongue.francecom.com\/wp-content\/uploads\/2026\/04\/empalcement-420x315.webp\" width=\"420\" height=\"210\" loading=\"lazy\"><\/picture><\/figure><figure class=\"gallery__item\"><picture><source srcset=\"https:\/\/rochelongue.francecom.com\/wp-content\/uploads\/2026\/04\/emplacement-420x315.webp\" media=\"(max-width: 210px)\"><source srcset=\"https:\/\/rochelongue.francecom.com\/wp-content\/uploads\/2026\/04\/emplacement-850x638.webp\" media=\"(max-width: 420px)\"><source srcset=\"https:\/\/rochelongue.francecom.com\/wp-content\/uploads\/2026\/04\/emplacement-768x576.webp\" media=\"(max-width: 850px)\"><source srcset=\"https:\/\/rochelongue.francecom.com\/wp-content\/uploads\/2026\/04\/emplacement-1024x768.webp\" media=\"(max-width: 1024px)\"><source srcset=\"https:\/\/rochelongue.francecom.com\/wp-content\/uploads\/2026\/04\/emplacement.webp\" media=\"(min-width: 1025px)\"><img decoding=\"async\" src=\"https:\/\/rochelongue.francecom.com\/wp-content\/uploads\/2026\/04\/emplacement-420x315.webp\" width=\"420\" height=\"210\" loading=\"lazy\"><\/picture><\/figure><figure class=\"gallery__item\"><picture><source srcset=\"https:\/\/rochelongue.francecom.com\/wp-content\/uploads\/2026\/04\/espace-prive-315x420.webp\" media=\"(max-width: 210px)\"><source srcset=\"https:\/\/rochelongue.francecom.com\/wp-content\/uploads\/2026\/04\/espace-prive-638x850.webp\" media=\"(max-width: 420px)\"><source srcset=\"https:\/\/rochelongue.francecom.com\/wp-content\/uploads\/2026\/04\/espace-prive-768x1024.webp\" media=\"(max-width: 850px)\"><source srcset=\"https:\/\/rochelongue.francecom.com\/wp-content\/uploads\/2026\/04\/espace-prive-768x1024.webp\" media=\"(max-width: 1024px)\"><source srcset=\"https:\/\/rochelongue.francecom.com\/wp-content\/uploads\/2026\/04\/espace-prive.webp\" media=\"(min-width: 1025px)\"><img decoding=\"async\" src=\"https:\/\/rochelongue.francecom.com\/wp-content\/uploads\/2026\/04\/espace-prive-315x420.webp\" width=\"420\" height=\"210\" loading=\"lazy\"><\/picture><\/figure><figure class=\"gallery__item\"><picture><source srcset=\"https:\/\/rochelongue.francecom.com\/wp-content\/uploads\/2026\/04\/douche-315x420.webp\" media=\"(max-width: 210px)\"><source srcset=\"https:\/\/rochelongue.francecom.com\/wp-content\/uploads\/2026\/04\/douche-638x850.webp\" media=\"(max-width: 420px)\"><source srcset=\"https:\/\/rochelongue.francecom.com\/wp-content\/uploads\/2026\/04\/douche-768x1024.webp\" media=\"(max-width: 850px)\"><source srcset=\"https:\/\/rochelongue.francecom.com\/wp-content\/uploads\/2026\/04\/douche-768x1024.webp\" media=\"(max-width: 1024px)\"><source srcset=\"https:\/\/rochelongue.francecom.com\/wp-content\/uploads\/2026\/04\/douche.webp\" media=\"(min-width: 1025px)\"><img decoding=\"async\" src=\"https:\/\/rochelongue.francecom.com\/wp-content\/uploads\/2026\/04\/douche-315x420.webp\" width=\"420\" height=\"210\" loading=\"lazy\"><\/picture><\/figure><figure class=\"gallery__item\"><picture><source srcset=\"https:\/\/rochelongue.francecom.com\/wp-content\/uploads\/2026\/04\/sanitaire-315x420.webp\" media=\"(max-width: 210px)\"><source srcset=\"https:\/\/rochelongue.francecom.com\/wp-content\/uploads\/2026\/04\/sanitaire-638x850.webp\" media=\"(max-width: 420px)\"><source srcset=\"https:\/\/rochelongue.francecom.com\/wp-content\/uploads\/2026\/04\/sanitaire-768x1024.webp\" media=\"(max-width: 850px)\"><source srcset=\"https:\/\/rochelongue.francecom.com\/wp-content\/uploads\/2026\/04\/sanitaire-768x1024.webp\" media=\"(max-width: 1024px)\"><source srcset=\"https:\/\/rochelongue.francecom.com\/wp-content\/uploads\/2026\/04\/sanitaire.webp\" media=\"(min-width: 1025px)\"><img decoding=\"async\" src=\"https:\/\/rochelongue.francecom.com\/wp-content\/uploads\/2026\/04\/sanitaire-315x420.webp\" width=\"420\" height=\"210\" loading=\"lazy\"><\/picture><\/figure><\/div><p class=\"badge gauche\"   >privates Gesundheitswesen &#8211; privates Gesundheitswesen &#8211;<\/p><\/div><\/div><\/div><div class=\"columns sec-25 reverse-mob\"><div class=\"columns__item\"><div class=\"gallery height-adapt col-2 f-carousel fc-diapo\" data-fancybox=\"gallery\"><figure class=\"gallery__item\"><picture><source srcset=\"https:\/\/rochelongue.francecom.com\/wp-content\/uploads\/2026\/04\/sanitaires-420x315.webp\" media=\"(max-width: 210px)\"><source srcset=\"https:\/\/rochelongue.francecom.com\/wp-content\/uploads\/2026\/04\/sanitaires-850x638.webp\" media=\"(max-width: 420px)\"><source srcset=\"https:\/\/rochelongue.francecom.com\/wp-content\/uploads\/2026\/04\/sanitaires-768x576.webp\" media=\"(max-width: 850px)\"><source srcset=\"https:\/\/rochelongue.francecom.com\/wp-content\/uploads\/2026\/04\/sanitaires-1024x768.webp\" media=\"(max-width: 1024px)\"><source srcset=\"https:\/\/rochelongue.francecom.com\/wp-content\/uploads\/2026\/04\/sanitaires.webp\" media=\"(min-width: 1025px)\"><img decoding=\"async\" src=\"https:\/\/rochelongue.francecom.com\/wp-content\/uploads\/2026\/04\/sanitaires-420x315.webp\" width=\"420\" height=\"210\" loading=\"lazy\"><\/picture><\/figure><figure class=\"gallery__item\"><picture><source srcset=\"https:\/\/rochelongue.francecom.com\/wp-content\/uploads\/2026\/04\/emplacement-camping-420x315.webp\" media=\"(max-width: 210px)\"><source srcset=\"https:\/\/rochelongue.francecom.com\/wp-content\/uploads\/2026\/04\/emplacement-camping-850x638.webp\" media=\"(max-width: 420px)\"><source srcset=\"https:\/\/rochelongue.francecom.com\/wp-content\/uploads\/2026\/04\/emplacement-camping-768x576.webp\" media=\"(max-width: 850px)\"><source srcset=\"https:\/\/rochelongue.francecom.com\/wp-content\/uploads\/2026\/04\/emplacement-camping-1024x768.webp\" media=\"(max-width: 1024px)\"><source srcset=\"https:\/\/rochelongue.francecom.com\/wp-content\/uploads\/2026\/04\/emplacement-camping.webp\" media=\"(min-width: 1025px)\"><img decoding=\"async\" src=\"https:\/\/rochelongue.francecom.com\/wp-content\/uploads\/2026\/04\/emplacement-camping-420x315.webp\" width=\"420\" height=\"210\" loading=\"lazy\"><\/picture><\/figure><figure class=\"gallery__item\"><picture><source srcset=\"https:\/\/rochelongue.francecom.com\/wp-content\/uploads\/2026\/04\/camping-420x315.webp\" media=\"(max-width: 210px)\"><source srcset=\"https:\/\/rochelongue.francecom.com\/wp-content\/uploads\/2026\/04\/camping-850x638.webp\" media=\"(max-width: 420px)\"><source srcset=\"https:\/\/rochelongue.francecom.com\/wp-content\/uploads\/2026\/04\/camping-768x576.webp\" media=\"(max-width: 850px)\"><source srcset=\"https:\/\/rochelongue.francecom.com\/wp-content\/uploads\/2026\/04\/camping-1024x768.webp\" media=\"(max-width: 1024px)\"><source srcset=\"https:\/\/rochelongue.francecom.com\/wp-content\/uploads\/2026\/04\/camping.webp\" media=\"(min-width: 1025px)\"><img decoding=\"async\" src=\"https:\/\/rochelongue.francecom.com\/wp-content\/uploads\/2026\/04\/camping-420x315.webp\" width=\"420\" height=\"210\" loading=\"lazy\"><\/picture><\/figure><figure class=\"gallery__item\"><picture><source srcset=\"https:\/\/rochelongue.francecom.com\/wp-content\/uploads\/2026\/04\/emplacement-caravane-420x315.webp\" media=\"(max-width: 210px)\"><source srcset=\"https:\/\/rochelongue.francecom.com\/wp-content\/uploads\/2026\/04\/emplacement-caravane-850x638.webp\" media=\"(max-width: 420px)\"><source srcset=\"https:\/\/rochelongue.francecom.com\/wp-content\/uploads\/2026\/04\/emplacement-caravane-768x576.webp\" media=\"(max-width: 850px)\"><source srcset=\"https:\/\/rochelongue.francecom.com\/wp-content\/uploads\/2026\/04\/emplacement-caravane-1024x768.webp\" media=\"(max-width: 1024px)\"><source srcset=\"https:\/\/rochelongue.francecom.com\/wp-content\/uploads\/2026\/04\/emplacement-caravane.webp\" media=\"(min-width: 1025px)\"><img decoding=\"async\" src=\"https:\/\/rochelongue.francecom.com\/wp-content\/uploads\/2026\/04\/emplacement-caravane-420x315.webp\" width=\"420\" height=\"210\" loading=\"lazy\"><\/picture><\/figure><\/div><\/div><div class=\"columns__item\"><h2>Aufenthalt auf einem Campingplatz<span class=\"fc-span\"> am Meer<\/span><\/h2><p    >Die <strong>Campingpl\u00e4tze in Le Rochelongue<\/strong> haben eine Mindestfl\u00e4che von <strong>90 m\u00b2<\/strong>, sind durch Hecken abgegrenzt und liegen im <strong>Halbschatten oder in der Sonne,<\/strong> so dass jeder den Platz findet, der ihm gef\u00e4llt.<\/p><div class=\"lireplus fc-mob\"><p    >Lesen Sie mehr<\/p><div class=\"group\"><p    >Jede Parzelle verf\u00fcgt \u00fcber einen <strong>eigenen Stromanschluss<\/strong> (10 A) und eine <strong>Wasserstelle in der N\u00e4he<\/strong>. Einige Stellpl\u00e4tze sind sogar mit <strong>privaten Sanit\u00e4ranlagen mit Wasser und Abwasser<\/strong> ausgestattet, um Ihnen noch mehr Komfort zu bieten. Von Ihrem Stellplatz aus erreichen Sie den Strand oder die mediterranen Sandstr\u00e4nde in wenigen Minuten zu Fu\u00df. <\/p><\/div><\/div><\/div><\/div><h2 class=\"center\" style=\"text-align: center;color: var(--bleu-fonce);\">Preise und Informationen<\/h2><div class=\"columns\"><div class=\"columns__item\"><p class=\"h4\" style=\"color: var(--bleu-clair);\"  >ACSI<\/p><p class=\"mini\" style=\"text-align: left;\"  ><strong>Camping Le Rochelongue<\/strong> bietet in bestimmten Zeitr\u00e4umen <strong>ACSI-Tarife<\/strong> f\u00fcr Camper mit einer ACSI-Karte an <em>(in der Regel f\u00fcr Aufenthalte von 5 N\u00e4chten und mehr)<\/em>. Die Buchung zum ACSI-Tarif k\u00f6nnen Sie <strong>direkt auf der Website des Campingplatzes oder vor Ort<\/strong> gegen Vorlage Ihrer g\u00fcltigen ACSI-Karte vornehmen. Denken Sie daran, die <strong>Nummer Ihrer ACSI-Karte<\/strong> bei der Buchung anzugeben, um von diesem Angebot zu profitieren; ohne diese Angabe gilt der Standardtarif.  <\/p><\/div><div class=\"columns__item\"><p class=\"h4 hide-mob\" style=\"color: var(--bleu-clair);\"  >N\u00fctzliche Informationen<\/p><div class=\"lireplus fc-mob\"><p class=\"h4\" style=\"color: var(--bleu-clair);\"  >N\u00fctzliche Informationen<\/p><div class=\"group\"><ul><li>Ankunft zwischen<strong> 14.00 und 19.00 Uhr und Abreise vor 12.00 Uhr<\/strong>\n<\/li><li>Ankunft zwischen 16.00 und 19.00 Uhr und Abreise vor 10.00 Uhr f\u00fcr die PREMIUM-Stellpl\u00e4tze mit eigenem Sanit\u00e4rbereich.\n<\/li><li><strong>Kostenloser <\/strong>Eintritt f\u00fcr <strong>Kinder unter 3 Jahren<\/strong> w\u00e4hrend der gesamten Saison\n<\/li><\/ul><\/div><\/div><\/div><\/div>\n<ctv-availability data-product-id=\"48341,98466,111297\" data-background-color=\"#FFFFFFFF\"><\/ctv-availability>\n","protected":false},"excerpt":{"rendered":"<p>Ihr Urlaub am Meer auf dem Campingplatz Le Rochelongue Unsere Camping-Stellpl\u00e4tze in Cap d&#8217;Agde Wie w\u00e4re es mit einem Campingurlaub in Cap d&#8217;Agde f\u00fcr Ihren n\u00e4chsten Urlaub am Meer? Der 4-Sterne-Campingplatz Le Rochelongue in Agde liegt nur 500 m vom Meer entfernt und verf\u00fcgt \u00fcber Stellpl\u00e4tze mit allem Komfort: Halbschatten, Sonne oder Sonne mit eigenem [&hellip;]<\/p>\n","protected":false},"author":1,"featured_media":0,"parent":0,"menu_order":0,"comment_status":"open","ping_status":"open","template":"","meta":{"_acf_changed":false,"footnotes":""},"acf":[],"_links":{"self":[{"href":"https:\/\/rochelongue.francecom.com\/de\/wp-json\/wp\/v2\/pages\/1432"}],"collection":[{"href":"https:\/\/rochelongue.francecom.com\/de\/wp-json\/wp\/v2\/pages"}],"about":[{"href":"https:\/\/rochelongue.francecom.com\/de\/wp-json\/wp\/v2\/types\/page"}],"author":[{"embeddable":true,"href":"https:\/\/rochelongue.francecom.com\/de\/wp-json\/wp\/v2\/users\/1"}],"replies":[{"embeddable":true,"href":"https:\/\/rochelongue.francecom.com\/de\/wp-json\/wp\/v2\/comments?post=1432"}],"version-history":[{"count":3,"href":"https:\/\/rochelongue.francecom.com\/de\/wp-json\/wp\/v2\/pages\/1432\/revisions"}],"predecessor-version":[{"id":1467,"href":"https:\/\/rochelongue.francecom.com\/de\/wp-json\/wp\/v2\/pages\/1432\/revisions\/1467"}],"wp:attachment":[{"href":"https:\/\/rochelongue.francecom.com\/de\/wp-json\/wp\/v2\/media?parent=1432"}],"curies":[{"name":"wp","href":"https:\/\/api.w.org\/{rel}","templated":true}]}}