{"id":1440,"date":"2026-02-03T11:34:35","date_gmt":"2026-02-03T10:34:35","guid":{"rendered":"https:\/\/rochelongue.francecom.com\/swimmingpool\/"},"modified":"2026-04-09T16:57:37","modified_gmt":"2026-04-09T14:57:37","slug":"swimmingpool","status":"publish","type":"page","link":"https:\/\/rochelongue.francecom.com\/de\/swimmingpool\/","title":{"rendered":"Swimmingpool"},"content":{"rendered":"<div class=\"diaporama-header align-full\"><div class=\"gallery\"><figure class=\"gallery__item\"><picture><source srcset=\"https:\/\/rochelongue.francecom.com\/wp-content\/uploads\/2026\/02\/header-piscine-420x280.webp\" media=\"(max-width: 210px)\"><source srcset=\"https:\/\/rochelongue.francecom.com\/wp-content\/uploads\/2026\/02\/header-piscine-850x567.webp\" media=\"(max-width: 420px)\"><source srcset=\"https:\/\/rochelongue.francecom.com\/wp-content\/uploads\/2026\/02\/header-piscine-768x512.webp\" media=\"(max-width: 850px)\"><source srcset=\"https:\/\/rochelongue.francecom.com\/wp-content\/uploads\/2026\/02\/header-piscine-1024x683.webp\" media=\"(max-width: 1024px)\"><source srcset=\"https:\/\/rochelongue.francecom.com\/wp-content\/uploads\/2026\/02\/header-piscine.webp\" media=\"(min-width: 1025px)\"><img loading=\"lazy\" decoding=\"async\" src=\"https:\/\/rochelongue.francecom.com\/wp-content\/uploads\/2026\/02\/header-piscine-420x280.webp\" width=\"420\" height=\"210\"><\/picture><\/figure><\/div><div class=\"diaporama-header__inner\"><p class=\"h1 stars center\" style=\"text-align: center;\"  >Swimmingpool &amp; Wasserbereiche auf dem Campingplatz <span class=\"fc-span\">Le Rochelongue<\/span> <span class=\"fc-span\"> <span class=\"fc-icon\"><svg xmlns=\"http:\/\/www.w3.org\/2000\/svg\"  viewBox=\"0 0 576 512\" width=\"16px\" height=\"16px\"><!--! Font Awesome Pro 6.4.2 by @fontawesome - https:\/\/fontawesome.com License - https:\/\/fontawesome.com\/license (Commercial License) Copyright 2023 Fonticons, Inc.--><path d=\"M316.9 18C311.6 7 300.4 0 288.1 0s-23.4 7-28.8 18L195 150.3 51.4 171.5c-12 1.8-22 10.2-25.7 21.7s-.7 24.2 7.9 32.7L137.8 329 113.2 474.7c-2 12 3 24.2 12.9 31.3s23 8 33.8 2.3l128.3-68.5 128.3 68.5c10.8 5.7 23.9 4.9 33.8-2.3s14.9-19.3 12.9-31.3L438.5 329 542.7 225.9c8.6-8.5 11.7-21.2 7.9-32.7s-13.7-19.9-25.7-21.7L381.2 150.3 316.9 18z\"\/><\/svg><\/span> <span class=\"fc-icon\"><svg xmlns=\"http:\/\/www.w3.org\/2000\/svg\"  viewBox=\"0 0 576 512\" width=\"16px\" height=\"16px\"><!--! Font Awesome Pro 6.4.2 by @fontawesome - https:\/\/fontawesome.com License - https:\/\/fontawesome.com\/license (Commercial License) Copyright 2023 Fonticons, Inc.--><path d=\"M316.9 18C311.6 7 300.4 0 288.1 0s-23.4 7-28.8 18L195 150.3 51.4 171.5c-12 1.8-22 10.2-25.7 21.7s-.7 24.2 7.9 32.7L137.8 329 113.2 474.7c-2 12 3 24.2 12.9 31.3s23 8 33.8 2.3l128.3-68.5 128.3 68.5c10.8 5.7 23.9 4.9 33.8-2.3s14.9-19.3 12.9-31.3L438.5 329 542.7 225.9c8.6-8.5 11.7-21.2 7.9-32.7s-13.7-19.9-25.7-21.7L381.2 150.3 316.9 18z\"\/><\/svg><\/span> <span class=\"fc-icon\"><svg xmlns=\"http:\/\/www.w3.org\/2000\/svg\"  viewBox=\"0 0 576 512\" width=\"16px\" height=\"16px\"><!--! Font Awesome Pro 6.4.2 by @fontawesome - https:\/\/fontawesome.com License - https:\/\/fontawesome.com\/license (Commercial License) Copyright 2023 Fonticons, Inc.--><path d=\"M316.9 18C311.6 7 300.4 0 288.1 0s-23.4 7-28.8 18L195 150.3 51.4 171.5c-12 1.8-22 10.2-25.7 21.7s-.7 24.2 7.9 32.7L137.8 329 113.2 474.7c-2 12 3 24.2 12.9 31.3s23 8 33.8 2.3l128.3-68.5 128.3 68.5c10.8 5.7 23.9 4.9 33.8-2.3s14.9-19.3 12.9-31.3L438.5 329 542.7 225.9c8.6-8.5 11.7-21.2 7.9-32.7s-13.7-19.9-25.7-21.7L381.2 150.3 316.9 18z\"\/><\/svg><\/span> <span class=\"fc-icon\"><svg xmlns=\"http:\/\/www.w3.org\/2000\/svg\"  viewBox=\"0 0 576 512\" width=\"16px\" height=\"16px\"><!--! Font Awesome Pro 6.4.2 by @fontawesome - https:\/\/fontawesome.com License - https:\/\/fontawesome.com\/license (Commercial License) Copyright 2023 Fonticons, Inc.--><path d=\"M316.9 18C311.6 7 300.4 0 288.1 0s-23.4 7-28.8 18L195 150.3 51.4 171.5c-12 1.8-22 10.2-25.7 21.7s-.7 24.2 7.9 32.7L137.8 329 113.2 474.7c-2 12 3 24.2 12.9 31.3s23 8 33.8 2.3l128.3-68.5 128.3 68.5c10.8 5.7 23.9 4.9 33.8-2.3s14.9-19.3 12.9-31.3L438.5 329 542.7 225.9c8.6-8.5 11.7-21.2 7.9-32.7s-13.7-19.9-25.7-21.7L381.2 150.3 316.9 18z\"\/><\/svg><\/span><\/span> <\/p><div class=\"buttons display-flex \" style=\"justify-content:center;\"><span class=\"buttons__btn btn-resa is-style-resa\">Finden Sie Ihren Aufenthalt<\/span><\/div><\/div><\/div><h1 class=\"center\" style=\"text-align: center;\">Tauchen Sie ein in den Wasserbereich <span class=\"fc-span\">unseres Campingplatzes Cap d&#8217;Agde<\/span><\/h1><p class=\"mini center\" style=\"text-align: center;\"  >Unser <a href=\"https:\/\/www.camping-le-rochelongue.fr\/\" target=\"_blank\" rel=\"noopener\">4-Sterne-Campingplatz Cap d&#8217;Agde<\/a> mit beheiztem Schwimmbad (Nebensaison) ist <strong>vom 11. Mai bis zum 26. September von 10 bis 19 Uhr ge\u00f6ffnet<\/strong>. (10-20 Uhr im Juli\/August) Der Pool des Clubs ist perfekt gepflegt und garantiert Ihnen angenehme Momente der Entspannung und wird Gro\u00df und Klein begeistern. <\/p><div class=\"lireplus fc-mob\"><p class=\"center\" style=\"text-align: center;\"  >Lesen Sie mehr<\/p><div class=\"group\"><p class=\"mini center\" style=\"text-align: center;\" id=\"392\" >Entdecken Sie ohne zu z\u00f6gern Le Rochelongue, Ihren <strong>Campingplatz Agde mit Schwimmbad<\/strong> und seinen zahlreichen <a href=\"https:\/\/rochelongue.francecom.com\/de\/aktivitaeten-und-animationen\/\" data-type=\"page\" data-id=\"392\">Aktivit\u00e4ten und Animationen<\/a>!<\/p><\/div><\/div><div class=\"group sec-10 fond fond-gauche align-full\"><div class=\"columns\"><div class=\"columns__item texte\"><h2 style=\"color: var(--bleu-fonce);\">Genie\u00dfen Sie einen Campingplatz in Agde <span class=\"fc-span\">mit beheiztem Schwimmbad<\/span><\/h2><p   id=\"393\" >W\u00e4hrend Ihres Aufenthalts im <a href=\"https:\/\/rochelongue.francecom.com\/de\/umgebung\/\" data-type=\"page\" data-id=\"393\">H\u00e9rault<\/a>, auf unserem <strong>Campingplatz Agde mit Schwimmbad<\/strong>, k\u00f6nnen Sie sich am Rande des<strong>Wasserbereichs<\/strong> sonnen, w\u00e4hrend Sie Ihre Kinder beaufsichtigen.<\/p><div class=\"lireplus fc-mob\"><p    >Lesen Sie mehr<\/p><div class=\"group\"><p    ><strong>Der <\/strong>von B\u00e4umen umgebene <strong>Poolbereich <\/strong>des Campingplatzes garantiert den Campern Ruhe und Diskretion. Wer m\u00f6chte, kann sich im Schatten der Sonnenschirme entspannen. Liegest\u00fchle stehen Ihnen kostenlos zur Verf\u00fcgung.  <\/p><p  style=\"background-color: var(--blanc);\"  ><span class=\"fc-icon\"><svg xmlns=\"http:\/\/www.w3.org\/2000\/svg\"  viewBox=\"0 0 512 512\" width=\"16px\" height=\"16px\"><!--! Font Awesome Pro 6.4.2 by @fontawesome - https:\/\/fontawesome.com License - https:\/\/fontawesome.com\/license (Commercial License) Copyright 2023 Fonticons, Inc.--><path d=\"M190.6 71.4C203 47.9 227.7 32 256 32s53 15.9 65.4 39.4c3.6 6.8 11.5 10.1 18.8 7.8c25.4-7.8 54.1-1.6 74.1 18.4s26.2 48.7 18.4 74.1c-2.3 7.3 1 15.2 7.8 18.8C464.1 203 480 227.7 480 256s-15.9 53-39.4 65.4c-6.8 3.6-10.1 11.5-7.8 18.8c7.8 25.4 1.6 54.1-18.4 74.1s-48.7 26.2-74.1 18.4c-7.3-2.3-15.2 1-18.8 7.8C309 464.1 284.3 480 256 480s-53-15.9-65.4-39.4c-3.6-6.8-11.5-10.1-18.8-7.8c-25.4 7.8-54.1 1.6-74.1-18.4s-26.2-48.7-18.4-74.1c2.3-7.3-1-15.2-7.8-18.8C47.9 309 32 284.3 32 256s15.9-53 39.4-65.4c6.8-3.6 10.1-11.5 7.8-18.8c-7.8-25.4-1.6-54.1 18.4-74.1s48.7-26.2 74.1-18.4c7.3 2.3 15.2-1 18.8-7.8zM256 0c-36.1 0-68 18.1-87.1 45.6c-33-6-68.3 3.8-93.9 29.4s-35.3 60.9-29.4 93.9C18.1 188 0 219.9 0 256s18.1 68 45.6 87.1c-6 33 3.8 68.3 29.4 93.9s60.9 35.3 93.9 29.4C188 493.9 219.9 512 256 512s68-18.1 87.1-45.6c33 6 68.3-3.8 93.9-29.4s35.3-60.9 29.4-93.9C493.9 324 512 292.1 512 256s-18.1-68-45.6-87.1c6-33-3.8-68.3-29.4-93.9s-60.9-35.3-93.9-29.4C324 18.1 292.1 0 256 0zM363.3 203.3c6.2-6.2 6.2-16.4 0-22.6s-16.4-6.2-22.6 0L224 297.4l-52.7-52.7c-6.2-6.2-16.4-6.2-22.6 0s-6.2 16.4 0 22.6l64 64c6.2 6.2 16.4 6.2 22.6 0l128-128z\"\/><\/svg><\/span>  Der Zugang zum <strong>Pool<\/strong> ist nur in Badekleidung oder Shorty m\u00f6glich (Badehosen sind nicht erlaubt).<\/p><\/div><\/div><\/div><div class=\"columns__item image\"><div class=\"gallery fade-in-right\"><figure class=\"gallery__item\"><picture><source srcset=\"https:\/\/rochelongue.francecom.com\/wp-content\/uploads\/2026\/04\/piscine-pataugeoire-420x315.webp\" media=\"(max-width: 210px)\"><source srcset=\"https:\/\/rochelongue.francecom.com\/wp-content\/uploads\/2026\/04\/piscine-pataugeoire-850x638.webp\" media=\"(max-width: 420px)\"><source srcset=\"https:\/\/rochelongue.francecom.com\/wp-content\/uploads\/2026\/04\/piscine-pataugeoire-768x576.webp\" media=\"(max-width: 850px)\"><source srcset=\"https:\/\/rochelongue.francecom.com\/wp-content\/uploads\/2026\/04\/piscine-pataugeoire-1024x768.webp\" media=\"(max-width: 1024px)\"><source srcset=\"https:\/\/rochelongue.francecom.com\/wp-content\/uploads\/2026\/04\/piscine-pataugeoire.webp\" media=\"(min-width: 1025px)\"><img decoding=\"async\" src=\"https:\/\/rochelongue.francecom.com\/wp-content\/uploads\/2026\/04\/piscine-pataugeoire-420x315.webp\" width=\"420\" height=\"210\" loading=\"lazy\"><\/picture><\/figure><\/div><p class=\"badge gauche\"   >beheizter Pool &#8211; beheizter Pool &#8211;<\/p><\/div><\/div><\/div><div class=\"group sec-20 effet-galerie hide-mob align-full\"><div class=\"gallery f-carousel fc-diapo-mob\" data-fancybox=\"gallery-mob\"><figure class=\"gallery__item\"><picture><source srcset=\"https:\/\/rochelongue.francecom.com\/wp-content\/uploads\/2026\/04\/piscine-exterieure-420x315.webp\" media=\"(max-width: 210px)\"><source srcset=\"https:\/\/rochelongue.francecom.com\/wp-content\/uploads\/2026\/04\/piscine-exterieure-850x638.webp\" media=\"(max-width: 420px)\"><source srcset=\"https:\/\/rochelongue.francecom.com\/wp-content\/uploads\/2026\/04\/piscine-exterieure-768x576.webp\" media=\"(max-width: 850px)\"><source srcset=\"https:\/\/rochelongue.francecom.com\/wp-content\/uploads\/2026\/04\/piscine-exterieure-1024x768.webp\" media=\"(max-width: 1024px)\"><source srcset=\"https:\/\/rochelongue.francecom.com\/wp-content\/uploads\/2026\/04\/piscine-exterieure.webp\" media=\"(min-width: 1025px)\"><img decoding=\"async\" src=\"https:\/\/rochelongue.francecom.com\/wp-content\/uploads\/2026\/04\/piscine-exterieure-420x315.webp\" width=\"420\" height=\"210\" loading=\"lazy\"><\/picture><figcaption>Swimmingpool<\/figcaption><\/figure><figure class=\"gallery__item\"><picture><source srcset=\"https:\/\/rochelongue.francecom.com\/wp-content\/uploads\/2026\/04\/pataugeoire-420x315.webp\" media=\"(max-width: 210px)\"><source srcset=\"https:\/\/rochelongue.francecom.com\/wp-content\/uploads\/2026\/04\/pataugeoire-850x638.webp\" media=\"(max-width: 420px)\"><source srcset=\"https:\/\/rochelongue.francecom.com\/wp-content\/uploads\/2026\/04\/pataugeoire-768x576.webp\" media=\"(max-width: 850px)\"><source srcset=\"https:\/\/rochelongue.francecom.com\/wp-content\/uploads\/2026\/04\/pataugeoire-1024x768.webp\" media=\"(max-width: 1024px)\"><source srcset=\"https:\/\/rochelongue.francecom.com\/wp-content\/uploads\/2026\/04\/pataugeoire.webp\" media=\"(min-width: 1025px)\"><img decoding=\"async\" src=\"https:\/\/rochelongue.francecom.com\/wp-content\/uploads\/2026\/04\/pataugeoire-420x315.webp\" width=\"420\" height=\"210\" loading=\"lazy\"><\/picture><figcaption>Planschbecken<\/figcaption><\/figure><figure class=\"gallery__item\"><picture><source srcset=\"https:\/\/rochelongue.francecom.com\/wp-content\/uploads\/2026\/04\/Flower-Camping-Rochelongue_DELOBBE-Pascal_60_0-420x315.webp\" media=\"(max-width: 210px)\"><source srcset=\"https:\/\/rochelongue.francecom.com\/wp-content\/uploads\/2026\/04\/Flower-Camping-Rochelongue_DELOBBE-Pascal_60_0-850x638.webp\" media=\"(max-width: 420px)\"><source srcset=\"https:\/\/rochelongue.francecom.com\/wp-content\/uploads\/2026\/04\/Flower-Camping-Rochelongue_DELOBBE-Pascal_60_0-768x576.webp\" media=\"(max-width: 850px)\"><source srcset=\"https:\/\/rochelongue.francecom.com\/wp-content\/uploads\/2026\/04\/Flower-Camping-Rochelongue_DELOBBE-Pascal_60_0-1024x768.webp\" media=\"(max-width: 1024px)\"><source srcset=\"https:\/\/rochelongue.francecom.com\/wp-content\/uploads\/2026\/04\/Flower-Camping-Rochelongue_DELOBBE-Pascal_60_0.webp\" media=\"(min-width: 1025px)\"><img decoding=\"async\" src=\"https:\/\/rochelongue.francecom.com\/wp-content\/uploads\/2026\/04\/Flower-Camping-Rochelongue_DELOBBE-Pascal_60_0-420x315.webp\" width=\"420\" height=\"210\" loading=\"lazy\"><\/picture><figcaption>Solarium<\/figcaption><\/figure><\/div><\/div><div class=\"group sec-10 fond fond-gauche align-full\"><div class=\"columns\"><div class=\"columns__item texte\"><h2 style=\"color: var(--bleu-fonce);\">Das Planschbecken auf unserem <span class=\"fc-span\">Campingplatz in Cap d&#8217;Agde<\/span><\/h2><p    >Ein Planschbecken, das an den Pool angeschlossen ist, ist ebenfalls f\u00fcr Familien zug\u00e4nglich. Es befindet sich ebenfalls in der N\u00e4he der Liegest\u00fchle und gibt den Eltern die M\u00f6glichkeit, ihre Kinder zu beaufsichtigen, w\u00e4hrend diese frei planschen k\u00f6nnen. <\/p><div class=\"lireplus fc-mob\"><p    >Lesen Sie mehr<\/p><div class=\"group\"><p    >Dar\u00fcber hinaus ist dieses Planschbecken mit einem Pilz und einer <strong>Kinderrutsche<\/strong> ausgestattet, die f\u00fcr zus\u00e4tzlichen Spa\u00df sorgen.<\/p><\/div><\/div><\/div><div class=\"columns__item image\"><div class=\"gallery fade-in-right\"><figure class=\"gallery__item\"><picture><source srcset=\"https:\/\/rochelongue.francecom.com\/wp-content\/uploads\/2026\/04\/pataugeoire-exterieure-420x315.webp\" media=\"(max-width: 210px)\"><source srcset=\"https:\/\/rochelongue.francecom.com\/wp-content\/uploads\/2026\/04\/pataugeoire-exterieure-850x638.webp\" media=\"(max-width: 420px)\"><source srcset=\"https:\/\/rochelongue.francecom.com\/wp-content\/uploads\/2026\/04\/pataugeoire-exterieure-768x576.webp\" media=\"(max-width: 850px)\"><source srcset=\"https:\/\/rochelongue.francecom.com\/wp-content\/uploads\/2026\/04\/pataugeoire-exterieure-1024x768.webp\" media=\"(max-width: 1024px)\"><source srcset=\"https:\/\/rochelongue.francecom.com\/wp-content\/uploads\/2026\/04\/pataugeoire-exterieure.webp\" media=\"(min-width: 1025px)\"><img decoding=\"async\" src=\"https:\/\/rochelongue.francecom.com\/wp-content\/uploads\/2026\/04\/pataugeoire-exterieure-420x315.webp\" width=\"420\" height=\"210\" loading=\"lazy\"><\/picture><\/figure><\/div><\/div><\/div><\/div><div class=\"group sec-05  align-full\"><div class=\"columns reverse-mob\"><div class=\"columns__item image\"><div class=\"gallery fade-in-left\"><figure class=\"gallery__item\"><picture><source srcset=\"https:\/\/rochelongue.francecom.com\/wp-content\/uploads\/2026\/04\/terrasse-picine-420x315.webp\" media=\"(max-width: 210px)\"><source srcset=\"https:\/\/rochelongue.francecom.com\/wp-content\/uploads\/2026\/04\/terrasse-picine-850x638.webp\" media=\"(max-width: 420px)\"><source srcset=\"https:\/\/rochelongue.francecom.com\/wp-content\/uploads\/2026\/04\/terrasse-picine-768x576.webp\" media=\"(max-width: 850px)\"><source srcset=\"https:\/\/rochelongue.francecom.com\/wp-content\/uploads\/2026\/04\/terrasse-picine-1024x768.webp\" media=\"(max-width: 1024px)\"><source srcset=\"https:\/\/rochelongue.francecom.com\/wp-content\/uploads\/2026\/04\/terrasse-picine.webp\" media=\"(min-width: 1025px)\"><img decoding=\"async\" src=\"https:\/\/rochelongue.francecom.com\/wp-content\/uploads\/2026\/04\/terrasse-picine-420x315.webp\" width=\"420\" height=\"210\" loading=\"lazy\"><\/picture><\/figure><\/div><\/div><div class=\"columns__item texte\"><h2>N\u00fctzliche Informationen <span class=\"fc-span\">auf unserem Campingplatz Cap d&#8217;Agde mit Schwimmbad<\/span><\/h2><ul><li>Der Pool des Campingplatzes ist in der Nebensaison beheizt. Au\u00dferdem k\u00f6nnen Sie das Becken vom 11. Mai bis 26. September von 10:00 bis 19:00 Uhr nutzen. (10-20 Uhr im Juli\/August).<br\/>Wenn Sie im Pool schwimmen m\u00f6chten, denken Sie bitte an einen <strong>Badeanzug<\/strong> oder Shorty, Bermudas und Badeshorts sind verboten.  \n<\/li><li>Der Zugang zum Schwimmbad ist den Mitgliedern des Campingplatzes Le Rochelongue vorbehalten.  <strong>Besuchern ist es nicht gestattet, den Wasserbereich zu nutzen.<\/strong>\n<\/li><li>Wasserspiele werden w\u00e4hrend der Schulferien im Juli und August nach Plan organisiert.\n<\/li><\/ul><\/div><\/div><\/div>","protected":false},"excerpt":{"rendered":"<p>Swimmingpool &amp; Wasserbereiche auf dem Campingplatz Le Rochelongue Tauchen Sie ein in den Wasserbereich unseres Campingplatzes Cap d&#8217;Agde Unser 4-Sterne-Campingplatz Cap d&#8217;Agde mit beheiztem Schwimmbad (Nebensaison) ist vom 11. Mai bis zum 26. September von 10 bis 19 Uhr ge\u00f6ffnet. (10-20 Uhr im Juli\/August) Der Pool des Clubs ist perfekt gepflegt und garantiert Ihnen angenehme [&hellip;]<\/p>\n","protected":false},"author":1,"featured_media":0,"parent":0,"menu_order":0,"comment_status":"open","ping_status":"open","template":"","meta":{"_acf_changed":false,"footnotes":""},"acf":[],"_links":{"self":[{"href":"https:\/\/rochelongue.francecom.com\/de\/wp-json\/wp\/v2\/pages\/1440"}],"collection":[{"href":"https:\/\/rochelongue.francecom.com\/de\/wp-json\/wp\/v2\/pages"}],"about":[{"href":"https:\/\/rochelongue.francecom.com\/de\/wp-json\/wp\/v2\/types\/page"}],"author":[{"embeddable":true,"href":"https:\/\/rochelongue.francecom.com\/de\/wp-json\/wp\/v2\/users\/1"}],"replies":[{"embeddable":true,"href":"https:\/\/rochelongue.francecom.com\/de\/wp-json\/wp\/v2\/comments?post=1440"}],"version-history":[{"count":3,"href":"https:\/\/rochelongue.francecom.com\/de\/wp-json\/wp\/v2\/pages\/1440\/revisions"}],"predecessor-version":[{"id":1469,"href":"https:\/\/rochelongue.francecom.com\/de\/wp-json\/wp\/v2\/pages\/1440\/revisions\/1469"}],"wp:attachment":[{"href":"https:\/\/rochelongue.francecom.com\/de\/wp-json\/wp\/v2\/media?parent=1440"}],"curies":[{"name":"wp","href":"https:\/\/api.w.org\/{rel}","templated":true}]}}