{"id":1452,"date":"2026-02-03T11:34:35","date_gmt":"2026-02-03T10:34:35","guid":{"rendered":"https:\/\/rochelongue.francecom.com\/dienste\/"},"modified":"2026-04-09T16:57:24","modified_gmt":"2026-04-09T14:57:24","slug":"dienste","status":"publish","type":"page","link":"https:\/\/rochelongue.francecom.com\/de\/dienste\/","title":{"rendered":"Dienste"},"content":{"rendered":"<div class=\"diaporama-header align-full\"><div class=\"gallery\"><figure class=\"gallery__item\"><picture><source srcset=\"https:\/\/rochelongue.francecom.com\/wp-content\/uploads\/2026\/04\/services-420x315.webp\" media=\"(max-width: 210px)\"><source srcset=\"https:\/\/rochelongue.francecom.com\/wp-content\/uploads\/2026\/04\/services-850x638.webp\" media=\"(max-width: 420px)\"><source srcset=\"https:\/\/rochelongue.francecom.com\/wp-content\/uploads\/2026\/04\/services-768x576.webp\" media=\"(max-width: 850px)\"><source srcset=\"https:\/\/rochelongue.francecom.com\/wp-content\/uploads\/2026\/04\/services-1024x768.webp\" media=\"(max-width: 1024px)\"><source srcset=\"https:\/\/rochelongue.francecom.com\/wp-content\/uploads\/2026\/04\/services.webp\" media=\"(min-width: 1025px)\"><img loading=\"lazy\" decoding=\"async\" src=\"https:\/\/rochelongue.francecom.com\/wp-content\/uploads\/2026\/04\/services-420x315.webp\" width=\"420\" height=\"210\"><\/picture><\/figure><\/div><div class=\"diaporama-header__inner\"><p class=\"h1 stars center\" style=\"text-align: center;\"  >Service und Freundlichkeit auf dem Campingplatz <span class=\"fc-span\">Le Rochelongue<\/span> <span class=\"fc-span\"> <span class=\"fc-icon\"><svg xmlns=\"http:\/\/www.w3.org\/2000\/svg\"  viewBox=\"0 0 576 512\" width=\"16px\" height=\"16px\"><!--! Font Awesome Pro 6.4.2 by @fontawesome - https:\/\/fontawesome.com License - https:\/\/fontawesome.com\/license (Commercial License) Copyright 2023 Fonticons, Inc.--><path d=\"M316.9 18C311.6 7 300.4 0 288.1 0s-23.4 7-28.8 18L195 150.3 51.4 171.5c-12 1.8-22 10.2-25.7 21.7s-.7 24.2 7.9 32.7L137.8 329 113.2 474.7c-2 12 3 24.2 12.9 31.3s23 8 33.8 2.3l128.3-68.5 128.3 68.5c10.8 5.7 23.9 4.9 33.8-2.3s14.9-19.3 12.9-31.3L438.5 329 542.7 225.9c8.6-8.5 11.7-21.2 7.9-32.7s-13.7-19.9-25.7-21.7L381.2 150.3 316.9 18z\"\/><\/svg><\/span> <span class=\"fc-icon\"><svg xmlns=\"http:\/\/www.w3.org\/2000\/svg\"  viewBox=\"0 0 576 512\" width=\"16px\" height=\"16px\"><!--! Font Awesome Pro 6.4.2 by @fontawesome - https:\/\/fontawesome.com License - https:\/\/fontawesome.com\/license (Commercial License) Copyright 2023 Fonticons, Inc.--><path d=\"M316.9 18C311.6 7 300.4 0 288.1 0s-23.4 7-28.8 18L195 150.3 51.4 171.5c-12 1.8-22 10.2-25.7 21.7s-.7 24.2 7.9 32.7L137.8 329 113.2 474.7c-2 12 3 24.2 12.9 31.3s23 8 33.8 2.3l128.3-68.5 128.3 68.5c10.8 5.7 23.9 4.9 33.8-2.3s14.9-19.3 12.9-31.3L438.5 329 542.7 225.9c8.6-8.5 11.7-21.2 7.9-32.7s-13.7-19.9-25.7-21.7L381.2 150.3 316.9 18z\"\/><\/svg><\/span> <span class=\"fc-icon\"><svg xmlns=\"http:\/\/www.w3.org\/2000\/svg\"  viewBox=\"0 0 576 512\" width=\"16px\" height=\"16px\"><!--! Font Awesome Pro 6.4.2 by @fontawesome - https:\/\/fontawesome.com License - https:\/\/fontawesome.com\/license (Commercial License) Copyright 2023 Fonticons, Inc.--><path d=\"M316.9 18C311.6 7 300.4 0 288.1 0s-23.4 7-28.8 18L195 150.3 51.4 171.5c-12 1.8-22 10.2-25.7 21.7s-.7 24.2 7.9 32.7L137.8 329 113.2 474.7c-2 12 3 24.2 12.9 31.3s23 8 33.8 2.3l128.3-68.5 128.3 68.5c10.8 5.7 23.9 4.9 33.8-2.3s14.9-19.3 12.9-31.3L438.5 329 542.7 225.9c8.6-8.5 11.7-21.2 7.9-32.7s-13.7-19.9-25.7-21.7L381.2 150.3 316.9 18z\"\/><\/svg><\/span> <span class=\"fc-icon\"><svg xmlns=\"http:\/\/www.w3.org\/2000\/svg\"  viewBox=\"0 0 576 512\" width=\"16px\" height=\"16px\"><!--! Font Awesome Pro 6.4.2 by @fontawesome - https:\/\/fontawesome.com License - https:\/\/fontawesome.com\/license (Commercial License) Copyright 2023 Fonticons, Inc.--><path d=\"M316.9 18C311.6 7 300.4 0 288.1 0s-23.4 7-28.8 18L195 150.3 51.4 171.5c-12 1.8-22 10.2-25.7 21.7s-.7 24.2 7.9 32.7L137.8 329 113.2 474.7c-2 12 3 24.2 12.9 31.3s23 8 33.8 2.3l128.3-68.5 128.3 68.5c10.8 5.7 23.9 4.9 33.8-2.3s14.9-19.3 12.9-31.3L438.5 329 542.7 225.9c8.6-8.5 11.7-21.2 7.9-32.7s-13.7-19.9-25.7-21.7L381.2 150.3 316.9 18z\"\/><\/svg><\/span><\/span> <\/p><div class=\"buttons display-flex \" style=\"justify-content:center;\"><span class=\"buttons__btn btn-resa is-style-resa\">Finden Sie Ihren Aufenthalt<\/span><\/div><\/div><\/div><h1 class=\"center\" style=\"text-align: center;\">Campingplatz Agde: 4-Sterne-Service <span class=\"fc-span\">des Rochelongue<\/span><\/h1><p class=\"mini center\" style=\"text-align: center;\" id=\"391\" >Auf unserem <a href=\"https:\/\/rochelongue.francecom.com\/de\/\" data-type=\"page\" data-id=\"391\">Campingplatz in Cap d&#8217;Agde<\/a> finden Sie eine Vielzahl an Dienstleistungen, die Ihnen w\u00e4hrend Ihres Aufenthalts n\u00fctzlich sein k\u00f6nnen.<\/p><div class=\"lireplus fc-mob\"><p class=\"center\" style=\"text-align: center;\"  >Lesen Sie mehr<\/p><div class=\"group\"><p class=\"mini center\" style=\"text-align: center;\" id=\"392\" >Entdecken Sie das gesamte Angebot des <strong>4-Sterne-Campingplatzes Le Rochelongue<\/strong>, von der Gastronomie \u00fcber die <a href=\"https:\/\/rochelongue.francecom.com\/de\/aktivitaeten-und-animationen\/\" data-type=\"page\" data-id=\"392\">Freizeiteinrichtungen<\/a> bis hin zu unseren verschiedenen Dienstleistungen.<\/p><\/div><\/div><div class=\"columns sec-25\" style=\"align-items:center;\"><div class=\"columns__item\" style=\"align-self:center;\"><h2 style=\"color: var(--bleu-fonce);\">Bar und Restaurant <span class=\"fc-span\">f\u00fcr einen angenehmen Urlaub in Agde<\/span><\/h2><p    >Der Campingplatz verf\u00fcgt \u00fcber eine <strong>Bar mit Terrasse<\/strong>, die ideal f\u00fcr einen <strong>Kaffee, einen Aperitif oder einen entspannenden Moment<\/strong> am Pool ist.<\/p><div class=\"lireplus fc-mob\"><p    >Lesen Sie mehr<\/p><div class=\"group\"><p    >Das <strong>Restaurant<\/strong> bietet eine abwechslungsreiche Speisekarte mit <strong>Gerichten, Pizzas, Sandwiches, Pommes frites und Eis<\/strong>, die Sie vor Ort genie\u00dfen oder mitnehmen k\u00f6nnen. W\u00e4hrend der Saison k\u00f6nnen Sie die <strong>geselligen Momente und Animationen<\/strong> genie\u00dfen, die ideal f\u00fcr ein Essen mit der Familie oder Freunden sind. <\/p><p  style=\"background-color: var(--fond-bleu);\"  >Die \u00d6ffnungszeiten der Bar\/Imbiss und des Restaurants sind je nach Saison unterschiedlich.<br\/>Restaurant ge\u00f6ffnet vom <strong>14\/05\/2026 bis 12\/09\/2026<\/strong><br\/>Bar ge\u00f6ffnet vom <strong>14\/05\/2026 bis 12\/09\/2026<\/strong><\/p><\/div><\/div><\/div><div class=\"columns__item\" style=\"align-self:center;\"><div class=\"gallery height-adapt col-2 f-carousel fc-diapo\" data-fancybox=\"gallery\"><figure class=\"gallery__item\"><picture><source srcset=\"https:\/\/rochelongue.francecom.com\/wp-content\/uploads\/2026\/04\/restaurant-420x315.webp\" media=\"(max-width: 210px)\"><source srcset=\"https:\/\/rochelongue.francecom.com\/wp-content\/uploads\/2026\/04\/restaurant-850x638.webp\" media=\"(max-width: 420px)\"><source srcset=\"https:\/\/rochelongue.francecom.com\/wp-content\/uploads\/2026\/04\/restaurant-768x576.webp\" media=\"(max-width: 850px)\"><source srcset=\"https:\/\/rochelongue.francecom.com\/wp-content\/uploads\/2026\/04\/restaurant-1024x768.webp\" media=\"(max-width: 1024px)\"><source srcset=\"https:\/\/rochelongue.francecom.com\/wp-content\/uploads\/2026\/04\/restaurant.webp\" media=\"(min-width: 1025px)\"><img decoding=\"async\" src=\"https:\/\/rochelongue.francecom.com\/wp-content\/uploads\/2026\/04\/restaurant-420x315.webp\" width=\"420\" height=\"210\" loading=\"lazy\"><\/picture><\/figure><figure class=\"gallery__item\"><picture><source srcset=\"https:\/\/rochelongue.francecom.com\/wp-content\/uploads\/2026\/04\/glaces-420x315.webp\" media=\"(max-width: 210px)\"><source srcset=\"https:\/\/rochelongue.francecom.com\/wp-content\/uploads\/2026\/04\/glaces-850x638.webp\" media=\"(max-width: 420px)\"><source srcset=\"https:\/\/rochelongue.francecom.com\/wp-content\/uploads\/2026\/04\/glaces-768x576.webp\" media=\"(max-width: 850px)\"><source srcset=\"https:\/\/rochelongue.francecom.com\/wp-content\/uploads\/2026\/04\/glaces-1024x768.webp\" media=\"(max-width: 1024px)\"><source srcset=\"https:\/\/rochelongue.francecom.com\/wp-content\/uploads\/2026\/04\/glaces.webp\" media=\"(min-width: 1025px)\"><img decoding=\"async\" src=\"https:\/\/rochelongue.francecom.com\/wp-content\/uploads\/2026\/04\/glaces-420x315.webp\" width=\"420\" height=\"210\" loading=\"lazy\"><\/picture><\/figure><figure class=\"gallery__item\"><picture><source srcset=\"https:\/\/rochelongue.francecom.com\/wp-content\/uploads\/2026\/04\/bar-420x315.webp\" media=\"(max-width: 210px)\"><source srcset=\"https:\/\/rochelongue.francecom.com\/wp-content\/uploads\/2026\/04\/bar-850x638.webp\" media=\"(max-width: 420px)\"><source srcset=\"https:\/\/rochelongue.francecom.com\/wp-content\/uploads\/2026\/04\/bar-768x576.webp\" media=\"(max-width: 850px)\"><source srcset=\"https:\/\/rochelongue.francecom.com\/wp-content\/uploads\/2026\/04\/bar-1024x768.webp\" media=\"(max-width: 1024px)\"><source srcset=\"https:\/\/rochelongue.francecom.com\/wp-content\/uploads\/2026\/04\/bar.webp\" media=\"(min-width: 1025px)\"><img decoding=\"async\" src=\"https:\/\/rochelongue.francecom.com\/wp-content\/uploads\/2026\/04\/bar-420x315.webp\" width=\"420\" height=\"210\" loading=\"lazy\"><\/picture><\/figure><\/div><\/div><\/div><div class=\"group sec-10 fond fond-droite align-full\"><div class=\"columns reverse-mob\"><div class=\"columns__item image\"><div class=\"gallery fade-in-left\"><figure class=\"gallery__item\"><picture><source srcset=\"https:\/\/rochelongue.francecom.com\/wp-content\/uploads\/2026\/02\/detente-420x315.webp\" media=\"(max-width: 210px)\"><source srcset=\"https:\/\/rochelongue.francecom.com\/wp-content\/uploads\/2026\/02\/detente-850x638.webp\" media=\"(max-width: 420px)\"><source srcset=\"https:\/\/rochelongue.francecom.com\/wp-content\/uploads\/2026\/02\/detente-768x576.webp\" media=\"(max-width: 850px)\"><source srcset=\"https:\/\/rochelongue.francecom.com\/wp-content\/uploads\/2026\/02\/detente.webp\" media=\"(max-width: 1024px)\"><source srcset=\"https:\/\/rochelongue.francecom.com\/wp-content\/uploads\/2026\/02\/detente.webp\" media=\"(min-width: 1025px)\"><img decoding=\"async\" src=\"https:\/\/rochelongue.francecom.com\/wp-content\/uploads\/2026\/02\/detente-420x315.webp\" width=\"420\" height=\"210\" loading=\"lazy\"><\/picture><\/figure><\/div><\/div><div class=\"columns__item texte\"><h2>Wohlbefinden und Entspannung <span class=\"fc-span\">in Cap d&#8217;Agde<\/span><\/h2><p    >F\u00fcr einen noch angenehmeren Aufenthalt bietet der Campingplatz einen <strong>Wellnessbereich<\/strong> mit <strong>Massagen und verschiedenen Behandlungen<\/strong>, perfekt zum Entspannen nach einem Tag voller Aktivit\u00e4ten oder Schwimmen.<\/p><div class=\"lireplus fc-mob\"><p    >Lesen Sie mehr<\/p><div class=\"group\"><p    >Ob Sie sich allein oder zu zweit entspannen m\u00f6chten, dieser Raum bietet Ihnen eine echte Auszeit w\u00e4hrend Ihres Urlaubs.<\/p><\/div><\/div><\/div><\/div><\/div><div class=\"columns sec-25\" style=\"align-items:center;\"><div class=\"columns__item\" style=\"align-self:center;\"><h2>Praktische Dienstleistungen: <span class=\"fc-span\">Wi-Fi, Lebensmittelgesch\u00e4ft und Rezeption<\/span> <\/h2><p    >Der Campingplatz bietet <strong>kostenloses Wifi<\/strong>, damit Sie w\u00e4hrend Ihres Aufenthalts in Verbindung bleiben k\u00f6nnen.  <\/p><p    ><strong>An<\/strong> der <strong>Rezeption<\/strong> erhalten Sie Informationen \u00fcber den Campingplatz und die Umgebung, sowie Informationen \u00fcber die Vermietung von Schlie\u00dff\u00e4chern und andere praktische Dienstleistungen.<\/p><div class=\"lireplus fc-mob\"><p    >Lesen Sie mehr<\/p><div class=\"group\"><p    >Alles ist darauf ausgerichtet, Ihnen w\u00e4hrend Ihres Urlaubs <strong>Komfort und Ruhe zu<\/strong> bieten!<\/p><p  style=\"background-color: var(--fond-jaune);\"  >Der <strong>Lebensmittelladen<\/strong> ist vom 13.06. bis 05.09.2026 ge\u00f6ffnet<br\/><strong>Vom 12.05. bis 12.06. sind die Dienste am MONTAG geschlossen.<\/strong><br\/>Die Rezeption ist 7\/7 von 9.00 bis 12.30 Uhr und von 14.00 bis 19.00 Uhr ge\u00f6ffnet<strong>.<\/strong><\/p><\/div><\/div><\/div><div class=\"columns__item\" style=\"align-self:center;\"><div class=\"gallery height-adapt col-2 f-carousel fc-diapo\" data-fancybox=\"gallery\"><figure class=\"gallery__item\"><picture><source srcset=\"https:\/\/rochelongue.francecom.com\/wp-content\/uploads\/2026\/04\/reception-420x315.webp\" media=\"(max-width: 210px)\"><source srcset=\"https:\/\/rochelongue.francecom.com\/wp-content\/uploads\/2026\/04\/reception-850x638.webp\" media=\"(max-width: 420px)\"><source srcset=\"https:\/\/rochelongue.francecom.com\/wp-content\/uploads\/2026\/04\/reception-768x576.webp\" media=\"(max-width: 850px)\"><source srcset=\"https:\/\/rochelongue.francecom.com\/wp-content\/uploads\/2026\/04\/reception-1024x768.webp\" media=\"(max-width: 1024px)\"><source srcset=\"https:\/\/rochelongue.francecom.com\/wp-content\/uploads\/2026\/04\/reception.webp\" media=\"(min-width: 1025px)\"><img decoding=\"async\" src=\"https:\/\/rochelongue.francecom.com\/wp-content\/uploads\/2026\/04\/reception-420x315.webp\" width=\"420\" height=\"210\" loading=\"lazy\"><\/picture><\/figure><figure class=\"gallery__item\"><picture><source srcset=\"https:\/\/rochelongue.francecom.com\/wp-content\/uploads\/2026\/04\/accueil-420x315.webp\" media=\"(max-width: 210px)\"><source srcset=\"https:\/\/rochelongue.francecom.com\/wp-content\/uploads\/2026\/04\/accueil-850x638.webp\" media=\"(max-width: 420px)\"><source srcset=\"https:\/\/rochelongue.francecom.com\/wp-content\/uploads\/2026\/04\/accueil-768x576.webp\" media=\"(max-width: 850px)\"><source srcset=\"https:\/\/rochelongue.francecom.com\/wp-content\/uploads\/2026\/04\/accueil-1024x768.webp\" media=\"(max-width: 1024px)\"><source srcset=\"https:\/\/rochelongue.francecom.com\/wp-content\/uploads\/2026\/04\/accueil.webp\" media=\"(min-width: 1025px)\"><img decoding=\"async\" src=\"https:\/\/rochelongue.francecom.com\/wp-content\/uploads\/2026\/04\/accueil-420x315.webp\" width=\"420\" height=\"210\" loading=\"lazy\"><\/picture><\/figure><figure class=\"gallery__item\"><picture><source srcset=\"https:\/\/rochelongue.francecom.com\/wp-content\/uploads\/2026\/04\/epicerie-420x315.webp\" media=\"(max-width: 210px)\"><source srcset=\"https:\/\/rochelongue.francecom.com\/wp-content\/uploads\/2026\/04\/epicerie-850x638.webp\" media=\"(max-width: 420px)\"><source srcset=\"https:\/\/rochelongue.francecom.com\/wp-content\/uploads\/2026\/04\/epicerie-768x576.webp\" media=\"(max-width: 850px)\"><source srcset=\"https:\/\/rochelongue.francecom.com\/wp-content\/uploads\/2026\/04\/epicerie-1024x768.webp\" media=\"(max-width: 1024px)\"><source srcset=\"https:\/\/rochelongue.francecom.com\/wp-content\/uploads\/2026\/04\/epicerie.webp\" media=\"(min-width: 1025px)\"><img decoding=\"async\" src=\"https:\/\/rochelongue.francecom.com\/wp-content\/uploads\/2026\/04\/epicerie-420x315.webp\" width=\"420\" height=\"210\" loading=\"lazy\"><\/picture><\/figure><\/div><\/div><\/div>","protected":false},"excerpt":{"rendered":"<p>Service und Freundlichkeit auf dem Campingplatz Le Rochelongue Campingplatz Agde: 4-Sterne-Service des Rochelongue Auf unserem Campingplatz in Cap d&#8217;Agde finden Sie eine Vielzahl an Dienstleistungen, die Ihnen w\u00e4hrend Ihres Aufenthalts n\u00fctzlich sein k\u00f6nnen. Bar und Restaurant f\u00fcr einen angenehmen Urlaub in Agde Der Campingplatz verf\u00fcgt \u00fcber eine Bar mit Terrasse, die ideal f\u00fcr einen Kaffee, [&hellip;]<\/p>\n","protected":false},"author":1,"featured_media":0,"parent":0,"menu_order":0,"comment_status":"open","ping_status":"open","template":"","meta":{"_acf_changed":false,"footnotes":""},"acf":[],"_links":{"self":[{"href":"https:\/\/rochelongue.francecom.com\/de\/wp-json\/wp\/v2\/pages\/1452"}],"collection":[{"href":"https:\/\/rochelongue.francecom.com\/de\/wp-json\/wp\/v2\/pages"}],"about":[{"href":"https:\/\/rochelongue.francecom.com\/de\/wp-json\/wp\/v2\/types\/page"}],"author":[{"embeddable":true,"href":"https:\/\/rochelongue.francecom.com\/de\/wp-json\/wp\/v2\/users\/1"}],"replies":[{"embeddable":true,"href":"https:\/\/rochelongue.francecom.com\/de\/wp-json\/wp\/v2\/comments?post=1452"}],"version-history":[{"count":1,"href":"https:\/\/rochelongue.francecom.com\/de\/wp-json\/wp\/v2\/pages\/1452\/revisions"}],"predecessor-version":[{"id":1453,"href":"https:\/\/rochelongue.francecom.com\/de\/wp-json\/wp\/v2\/pages\/1452\/revisions\/1453"}],"wp:attachment":[{"href":"https:\/\/rochelongue.francecom.com\/de\/wp-json\/wp\/v2\/media?parent=1452"}],"curies":[{"name":"wp","href":"https:\/\/api.w.org\/{rel}","templated":true}]}}